{"id":50796,"date":"2021-05-05T09:26:49","date_gmt":"2021-05-05T09:26:49","guid":{"rendered":"https:\/\/grauben.com\/productos\/"},"modified":"2021-05-14T18:14:16","modified_gmt":"2021-05-14T18:14:16","slug":"produkte","status":"publish","type":"page","link":"https:\/\/grauben.com\/de\/produkte\/","title":{"rendered":"Produkte"},"content":{"rendered":"<p>[et_pb_section fb_built=&#8221;1&#8243; _builder_version=&#8221;4.7.7&#8243; background_image=&#8221;https:\/\/grauben.com\/wp-content\/uploads\/2021\/02\/servicios-carnes-calidad.jpg&#8221; custom_padding=&#8221;15%||15%||true|false&#8221;][\/et_pb_section][et_pb_section fb_built=&#8221;1&#8243; _builder_version=&#8221;4.7.7&#8243; _module_preset=&#8221;default&#8221; custom_margin=&#8221;||0px||false|false&#8221; custom_padding=&#8221;||0px||false|false&#8221;][et_pb_row _builder_version=&#8221;4.7.7&#8243; _module_preset=&#8221;default&#8221;][et_pb_column type=&#8221;4_4&#8243; _builder_version=&#8221;4.7.7&#8243; _module_preset=&#8221;default&#8221;][et_pb_text _builder_version=&#8221;4.7.7&#8243; header_font=&#8221;|||on|||||&#8221; header_text_align=&#8221;center&#8221; header_2_font=&#8221;Yesteryear||||||||&#8221; header_2_text_align=&#8221;center&#8221; header_2_text_color=&#8221;#e02b20&#8243; header_2_font_size=&#8221;35px&#8221;]<\/p>\n<h2>Entdecken Sie unser Sortiment<\/h2>\n<p>[\/et_pb_text][et_pb_text _builder_version=&#8221;4.7.7&#8243; _module_preset=&#8221;default&#8221;]<\/p>\n<p>Unser Hauptziel besteht darin, hochwertige <strong>Erzeugnisse anzubieten, die auf die Anforderungen unserer Kunden zugeschnitten sind.<\/strong> Zu diesem Zweck setzen wir von Grauben tagt\u00e4glich daf\u00fcr ein, eine gro\u00dfe Vielfalt an Frisch- und Tiefk\u00fchlwaren und unterschiedlichen Formaten bereitzustellen. <strong>Alle unsere Produkte sind gluten- und allergenfrei.<\/strong><\/p>\n<p>[\/et_pb_text][\/et_pb_column][\/et_pb_row][\/et_pb_section][et_pb_section fb_built=&#8221;1&#8243; _builder_version=&#8221;4.7.7&#8243; background_color=&#8221;#f7f7f7&#8243; background_enable_color=&#8221;off&#8221; custom_margin=&#8221;100px||||false|false&#8221; saved_tabs=&#8221;all&#8221;][et_pb_row _builder_version=&#8221;4.7.7&#8243; _module_preset=&#8221;default&#8221;][et_pb_column type=&#8221;4_4&#8243; _builder_version=&#8221;4.7.7&#8243; _module_preset=&#8221;default&#8221;][et_pb_text _builder_version=&#8221;4.7.7&#8243; _module_preset=&#8221;default&#8221; text_font=&#8221;Yesteryear||||||||&#8221; text_text_color=&#8221;#e02b20&#8243; text_font_size=&#8221;50px&#8221; header_2_font=&#8221;Yesteryear||||||||&#8221; header_2_text_color=&#8221;#e02b20&#8243; header_2_font_size=&#8221;35px&#8221; text_orientation=&#8221;center&#8221;]<\/p>\n<h2>Erfahren Sie mehr \u00fcber unsere Produkte<\/h2>\n<p>[\/et_pb_text][\/et_pb_column][\/et_pb_row][et_pb_row column_structure=&#8221;1_4,1_4,1_4,1_4&#8243; _builder_version=&#8221;4.7.7&#8243; _module_preset=&#8221;default&#8221; global_module=&#8221;51462&#8243;][et_pb_column type=&#8221;1_4&#8243; _builder_version=&#8221;4.7.7&#8243; _module_preset=&#8221;default&#8221;][et_pb_blurb url=&#8221;https:\/\/grauben.com\/de\/gefluegel-gefrorenes-fleisch\/&#8221; module_class=&#8221;category-aves-azul&#8221; _builder_version=&#8221;4.9.4&#8243; _module_preset=&#8221;default&#8221; header_text_align=&#8221;center&#8221; header_text_color=&#8221;#41338a&#8221; background_image=&#8221;https:\/\/grauben.com\/wp-content\/uploads\/2021\/01\/aves-azul-grauben.png&#8221; custom_padding=&#8221;45%||45%||true|false&#8221; animation_style=&#8221;slide&#8221; link_option_url=&#8221;https:\/\/grauben.com\/de\/gefluegel-gefrorenes-fleisch\/&#8221;][\/et_pb_blurb][et_pb_text _builder_version=&#8221;4.7.7&#8243; _module_preset=&#8221;default&#8221; header_2_text_color=&#8221;#41338a&#8221; text_orientation=&#8221;center&#8221; link_option_url=&#8221;https:\/\/grauben.com\/carne-aves-congelado\/&#8221;]<\/p>\n<h2>Gefl\u00fcgel<\/h2>\n<p>[\/et_pb_text][\/et_pb_column][et_pb_column type=&#8221;1_4&#8243; _builder_version=&#8221;4.7.7&#8243; _module_preset=&#8221;default&#8221;][et_pb_blurb url=&#8221;https:\/\/grauben.com\/de\/gefrorenes-rindfleisch\/&#8221; module_class=&#8221;category-vacuno-azul&#8221; _builder_version=&#8221;4.9.4&#8243; _module_preset=&#8221;default&#8221; header_text_align=&#8221;center&#8221; header_text_color=&#8221;#41338a&#8221; background_image=&#8221;https:\/\/grauben.com\/wp-content\/uploads\/2021\/01\/vacuno-azul-grauben.png&#8221; custom_padding=&#8221;45%||45%||true|false&#8221; animation_style=&#8221;slide&#8221; link_option_url=&#8221;https:\/\/grauben.com\/de\/gefrorenes-rindfleisch\/&#8221;][\/et_pb_blurb][et_pb_text _builder_version=&#8221;4.7.7&#8243; _module_preset=&#8221;default&#8221; header_2_text_color=&#8221;#41338a&#8221; text_orientation=&#8221;center&#8221; link_option_url=&#8221;https:\/\/grauben.com\/carnes-ternera-congelada\/&#8221;]<\/p>\n<h2>Rind<\/h2>\n<p>[\/et_pb_text][\/et_pb_column][et_pb_column type=&#8221;1_4&#8243; _builder_version=&#8221;4.7.7&#8243; _module_preset=&#8221;default&#8221;][et_pb_blurb url=&#8221;https:\/\/grauben.com\/de\/gefrorenes-schweinefleisch\/&#8221; module_class=&#8221;category-porcino-azul&#8221; _builder_version=&#8221;4.9.4&#8243; _module_preset=&#8221;default&#8221; header_text_align=&#8221;center&#8221; header_text_color=&#8221;#41338a&#8221; background_image=&#8221;https:\/\/grauben.com\/wp-content\/uploads\/2021\/01\/porcino-azul-grauben.png&#8221; custom_padding=&#8221;45%||45%||true|false&#8221; animation_style=&#8221;slide&#8221; link_option_url=&#8221;https:\/\/grauben.com\/de\/gefrorenes-schweinefleisch\/&#8221;][\/et_pb_blurb][et_pb_text _builder_version=&#8221;4.7.7&#8243; _module_preset=&#8221;default&#8221; header_2_text_color=&#8221;#41338a&#8221; text_orientation=&#8221;center&#8221; link_option_url=&#8221;https:\/\/grauben.com\/carnes-cerdo-congelado\/&#8221;]<\/p>\n<h2>Schwein<\/h2>\n<p>[\/et_pb_text][\/et_pb_column][et_pb_column type=&#8221;1_4&#8243; _builder_version=&#8221;4.7.7&#8243; _module_preset=&#8221;default&#8221;][et_pb_blurb url=&#8221;https:\/\/grauben.com\/de\/gefrorenes-lammfleisch\/&#8221; module_class=&#8221;category-ovino-azul&#8221; _builder_version=&#8221;4.9.4&#8243; _module_preset=&#8221;default&#8221; header_text_align=&#8221;center&#8221; header_text_color=&#8221;#41338a&#8221; background_image=&#8221;https:\/\/grauben.com\/wp-content\/uploads\/2021\/01\/ovino-azul.png&#8221; custom_padding=&#8221;45%||45%||true|false&#8221; animation_style=&#8221;slide&#8221; link_option_url=&#8221;https:\/\/grauben.com\/de\/gefrorenes-lammfleisch\/&#8221;][\/et_pb_blurb][et_pb_text _builder_version=&#8221;4.7.7&#8243; _module_preset=&#8221;default&#8221; header_2_text_color=&#8221;#41338a&#8221; text_orientation=&#8221;center&#8221; link_option_url=&#8221;\/carnes-cordero-congelado\/&#8221;]<\/p>\n<h2>Lamm<\/h2>\n<p>[\/et_pb_text][\/et_pb_column][\/et_pb_row][et_pb_row column_structure=&#8221;1_5,3_5,1_5&#8243; _builder_version=&#8221;4.7.7&#8243; _module_preset=&#8221;default&#8221;][et_pb_column type=&#8221;1_5&#8243; _builder_version=&#8221;4.7.7&#8243; _module_preset=&#8221;default&#8221;][\/et_pb_column][et_pb_column type=&#8221;3_5&#8243; _builder_version=&#8221;4.7.7&#8243; _module_preset=&#8221;default&#8221;][et_pb_text _builder_version=&#8221;4.7.7&#8243; _module_preset=&#8221;default&#8221; text_orientation=&#8221;center&#8221;]<\/p>\n<p>Sollten Sie Ihr gew\u00fcnschtes Produkt nicht finden, setzen Sie sich mit uns in Verbindung. Wir informieren Sie gerne ausf\u00fchrlich \u00fcber unser Sortiment und Leistungsspektrum.<\/p>\n<p>[\/et_pb_text][et_pb_button button_url=&#8221;https:\/\/grauben.com\/de\/kontakt\/&#8221; button_text=&#8221;Kontakt&#8221; button_alignment=&#8221;center&#8221; _builder_version=&#8221;4.9.4&#8243; _module_preset=&#8221;default&#8221; custom_button=&#8221;on&#8221; button_text_color=&#8221;#ffffff&#8221; button_bg_color=&#8221;#3a3379&#8243; button_border_color=&#8221;#3a3379&#8243;][\/et_pb_button][\/et_pb_column][et_pb_column type=&#8221;1_5&#8243; _builder_version=&#8221;4.7.7&#8243; _module_preset=&#8221;default&#8221;][\/et_pb_column][\/et_pb_row][\/et_pb_section][et_pb_section fb_built=&#8221;1&#8243; _builder_version=&#8221;4.7.7&#8243; custom_margin=&#8221;0px||||false|false&#8221; custom_padding=&#8221;0px||||false|false&#8221;][et_pb_row _builder_version=&#8221;4.0.7&#8243;][et_pb_column type=&#8221;4_4&#8243; _builder_version=&#8221;4.0.7&#8243;][et_pb_text _builder_version=&#8221;4.7.7&#8243; _module_preset=&#8221;default&#8221;]<\/p>\n<p><b>Um unterschiedliche Vertriebskan\u00e4le f\u00fcr Frisch- und Tiefk\u00fchlwaren zu bedienen, f\u00fchren wir eine Vielzahl an verschiedenen Formaten, wie z. B.:<\/b><\/p>\n<ul>\n<li><b>IQF (Individual Quick Freezing)<\/b><\/li>\n<li><b>Vakuumverpackt<\/b><\/li>\n<li><b>Mit Trennfolie<\/b><\/li>\n<li><b>Polyblock<\/b><\/li>\n<li><b>10-kg-Packung<\/b><\/li>\n<li><b>5-kg-Packung<\/b><\/li>\n<li><b>3-kg-Packung<\/b><\/li>\n<li><b>usw.<\/b><\/li>\n<\/ul>\n<p>[\/et_pb_text][\/et_pb_column][\/et_pb_row][\/et_pb_section][et_pb_section fb_built=&#8221;1&#8243; _builder_version=&#8221;4.7.7&#8243; use_background_color_gradient=&#8221;on&#8221; background_color_gradient_start=&#8221;rgba(40,37,31,0.52)&#8221; background_color_gradient_end=&#8221;rgba(40,36,26,0.22)&#8221; background_color_gradient_direction=&#8221;90deg&#8221; background_color_gradient_overlays_image=&#8221;on&#8221; background_image=&#8221;https:\/\/grauben.com\/wp-content\/uploads\/2021\/02\/productos-carnicos-de-primera-calidad.jpg&#8221; background_position=&#8221;top_center&#8221; custom_padding=&#8221;7%||7%||true|false&#8221; animation_style=&#8221;fade&#8221; animation_duration=&#8221;1400ms&#8221; animation_delay=&#8221;500ms&#8221;][et_pb_row use_custom_gutter=&#8221;on&#8221; gutter_width=&#8221;2&#8243; make_equal=&#8221;on&#8221; _builder_version=&#8221;3.27.1&#8243; width=&#8221;92%&#8221; width_tablet=&#8221;90%&#8221; width_phone=&#8221;90%&#8221; width_last_edited=&#8221;on|phone&#8221; max_width=&#8221;1280px&#8221; max_width_tablet=&#8221;90%&#8221; max_width_phone=&#8221;90%&#8221; max_width_last_edited=&#8221;on|tablet&#8221;][et_pb_column type=&#8221;4_4&#8243; _builder_version=&#8221;3.27.1&#8243;][et_pb_text _builder_version=&#8221;4.7.7&#8243; _module_preset=&#8221;default&#8221; header_2_font=&#8221;|||on|||||&#8221; header_2_text_align=&#8221;left&#8221; header_2_text_color=&#8221;#ffffff&#8221;]<\/p>\n<h2>INNOVATIVE UND VERBESSERTE PRODUKTE<\/h2>\n<p>[\/et_pb_text][et_pb_text _builder_version=&#8221;4.7.7&#8243; text_text_color=&#8221;#ffffff&#8221; header_font=&#8221;Poppins|700|||||||&#8221; header_text_align=&#8221;left&#8221; header_text_color=&#8221;#ffffff&#8221; header_font_size=&#8221;60px&#8221; header_letter_spacing=&#8221;-1px&#8221; header_line_height=&#8221;1.2em&#8221; max_width=&#8221;600px&#8221; custom_margin=&#8221;44px||||false|false&#8221; header_font_size_tablet=&#8221;&#8221; header_font_size_phone=&#8221;30px&#8221; header_font_size_last_edited=&#8221;on|desktop&#8221;]<\/p>\n<p>Wir von Grauben arbeiten st\u00e4ndig an der Entwicklung<strong>neuer Rezepturen und M\u00f6glichkeiten<\/strong> zur Herstellung verbesserter und innovativer Produkte. Um unseren Kunden ein <strong>umfassenderes und vielseitigeres<\/strong>Fleischwarensortiment bieten zu k\u00f6nnen.<\/p>\n<p>So stellen wir sicher, dass unsere Produkte mit einem unvergleichlichen Geschmack <strong>aufwarten und besonders zart sind.<\/strong> <\/p>\n<p>In den vergangenen Jahren haben wir den internationalen Markt erschlossen, was es uns erm\u00f6glicht, auf neue Anforderungen und W\u00fcnsche einzugehen und uns so auf die Bed\u00fcrfnisse aller Verbraucher anzupassen.<\/p>\n<p>[\/et_pb_text][\/et_pb_column][\/et_pb_row][\/et_pb_section]<\/p>\n","protected":false},"excerpt":{"rendered":"<p>[et_pb_section fb_built=&#8221;1&#8243; _builder_version=&#8221;4.7.7&#8243; background_image=&#8221;https:\/\/grauben.com\/wp-content\/uploads\/2021\/02\/servicios-carnes-calidad.jpg&#8221; custom_padding=&#8221;15%||15%||true|false&#8221;][\/et_pb_section][et_pb_section fb_built=&#8221;1&#8243; _builder_version=&#8221;4.7.7&#8243; _module_preset=&#8221;default&#8221; custom_margin=&#8221;||0px||false|false&#8221; custom_padding=&#8221;||0px||false|false&#8221;][et_pb_row _builder_version=&#8221;4.7.7&#8243; _module_preset=&#8221;default&#8221;][et_pb_column type=&#8221;4_4&#8243; _builder_version=&#8221;4.7.7&#8243; _module_preset=&#8221;default&#8221;][et_pb_text _builder_version=&#8221;4.7.7&#8243; header_font=&#8221;|||on|||||&#8221; header_text_align=&#8221;center&#8221; header_2_font=&#8221;Yesteryear||||||||&#8221; header_2_text_align=&#8221;center&#8221; header_2_text_color=&#8221;#e02b20&#8243; header_2_font_size=&#8221;35px&#8221;] Entdecken Sie unser Sortiment [\/et_pb_text][et_pb_text _builder_version=&#8221;4.7.7&#8243; _module_preset=&#8221;default&#8221;] Unser Hauptziel besteht darin, hochwertige Erzeugnisse anzubieten, die auf die Anforderungen unserer Kunden zugeschnitten sind. Zu diesem Zweck setzen wir von Grauben tagt\u00e4glich daf\u00fcr ein, eine [&hellip;]<\/p>\n","protected":false},"author":1,"featured_media":0,"parent":0,"menu_order":0,"comment_status":"closed","ping_status":"closed","template":"","meta":{"_et_pb_use_builder":"on","_et_pb_old_content":"","_et_gb_content_width":""},"_links":{"self":[{"href":"https:\/\/grauben.com\/de\/wp-json\/wp\/v2\/pages\/50796"}],"collection":[{"href":"https:\/\/grauben.com\/de\/wp-json\/wp\/v2\/pages"}],"about":[{"href":"https:\/\/grauben.com\/de\/wp-json\/wp\/v2\/types\/page"}],"author":[{"embeddable":true,"href":"https:\/\/grauben.com\/de\/wp-json\/wp\/v2\/users\/1"}],"replies":[{"embeddable":true,"href":"https:\/\/grauben.com\/de\/wp-json\/wp\/v2\/comments?post=50796"}],"version-history":[{"count":8,"href":"https:\/\/grauben.com\/de\/wp-json\/wp\/v2\/pages\/50796\/revisions"}],"predecessor-version":[{"id":51469,"href":"https:\/\/grauben.com\/de\/wp-json\/wp\/v2\/pages\/50796\/revisions\/51469"}],"wp:attachment":[{"href":"https:\/\/grauben.com\/de\/wp-json\/wp\/v2\/media?parent=50796"}],"curies":[{"name":"wp","href":"https:\/\/api.w.org\/{rel}","templated":true}]}}