{"id":50802,"date":"2021-05-05T09:44:12","date_gmt":"2021-05-05T09:44:12","guid":{"rendered":"https:\/\/grauben.com\/service\/"},"modified":"2021-05-05T09:44:16","modified_gmt":"2021-05-05T09:44:16","slug":"service","status":"publish","type":"page","link":"https:\/\/grauben.com\/de\/service\/","title":{"rendered":"Service"},"content":{"rendered":"<p>[et_pb_section fb_built=&#8221;1&#8243; _builder_version=&#8221;4.7.7&#8243; use_background_color_gradient=&#8221;on&#8221; background_color_gradient_start=&#8221;rgba(40,37,31,0.52)&#8221; background_color_gradient_end=&#8221;rgba(40,37,31,0)&#8221; background_color_gradient_direction=&#8221;90deg&#8221; background_color_gradient_overlays_image=&#8221;on&#8221; background_image=&#8221;https:\/\/grauben.com\/wp-content\/uploads\/2021\/02\/carnes-ave-congelado.jpg&#8221; custom_padding=&#8221;7%||7%||true|false&#8221; animation_style=&#8221;fade&#8221; animation_duration=&#8221;1400ms&#8221; animation_delay=&#8221;500ms&#8221;][et_pb_row use_custom_gutter=&#8221;on&#8221; gutter_width=&#8221;2&#8243; make_equal=&#8221;on&#8221; _builder_version=&#8221;3.27.1&#8243; width=&#8221;92%&#8221; width_tablet=&#8221;90%&#8221; width_phone=&#8221;90%&#8221; width_last_edited=&#8221;on|phone&#8221; max_width=&#8221;1280px&#8221; max_width_tablet=&#8221;90%&#8221; max_width_phone=&#8221;90%&#8221; max_width_last_edited=&#8221;on|tablet&#8221;][et_pb_column type=&#8221;4_4&#8243; _builder_version=&#8221;3.27.1&#8243;][et_pb_text _builder_version=&#8221;4.7.7&#8243; header_font=&#8221;Poppins|700|||||||&#8221; header_text_align=&#8221;left&#8221; header_text_color=&#8221;#ffffff&#8221; header_font_size=&#8221;60px&#8221; header_letter_spacing=&#8221;-1px&#8221; header_line_height=&#8221;1.2em&#8221; max_width=&#8221;600px&#8221; custom_margin=&#8221;44px||||false|false&#8221; header_font_size_tablet=&#8221;&#8221; header_font_size_phone=&#8221;30px&#8221; header_font_size_last_edited=&#8221;on|desktop&#8221;]<\/p>\n<h1>Wir gehen auf Ihre Bed\u00fcrfnisse ein und entwickeln ma\u00dfgeschneiderte Produkte<\/h1>\n<p>[\/et_pb_text][\/et_pb_column][\/et_pb_row][\/et_pb_section][et_pb_section fb_built=&#8221;1&#8243; _builder_version=&#8221;4.7.7&#8243; _module_preset=&#8221;default&#8221;][et_pb_row _builder_version=&#8221;4.7.7&#8243; _module_preset=&#8221;default&#8221;][et_pb_column type=&#8221;4_4&#8243; _builder_version=&#8221;4.7.7&#8243; _module_preset=&#8221;default&#8221;][et_pb_text _builder_version=&#8221;4.7.7&#8243; _module_preset=&#8221;default&#8221; text_font=&#8221;Yesteryear||||||||&#8221; text_text_color=&#8221;#e02b20&#8243; text_font_size=&#8221;35px&#8221; text_orientation=&#8221;center&#8221;]<\/p>\n<p>Vorz\u00fcge von Grauben<\/p>\n<p>[\/et_pb_text][et_pb_text _builder_version=&#8221;4.7.7&#8243; _module_preset=&#8221;default&#8221; header_2_text_align=&#8221;center&#8221; custom_padding=&#8221;||0px||false|false&#8221;]<\/p>\n<h2>Anpassung unseres Produktes<\/h2>\n<p>[\/et_pb_text][et_pb_text _builder_version=&#8221;4.7.7&#8243; _module_preset=&#8221;default&#8221; custom_margin=&#8221;0px||||false|false&#8221; custom_padding=&#8221;0px||||false|false&#8221;]<\/p>\n<p>Wir f\u00fchren ein umfangreiches Sortiment an frischen wie auch tiefgek\u00fchlten Fleischwaren aller Art.<\/p>\n<p>Wir versuchen stets, s\u00e4mtliche Anforderungen unserer Kunden zu erf\u00fcllen.<\/p>\n<p>[\/et_pb_text][et_pb_text _builder_version=&#8221;4.7.7&#8243; _module_preset=&#8221;default&#8221;]<\/p>\n<p>Wir bieten einen kundenspezifischen Service an, der z. B. ma\u00dfgeschneiderte Verpackungsformate, spezielle Zuschnitte, Etikettierung sowie neutrale oder kundeneigene Verpackung umfasst.<\/p>\n<p>[\/et_pb_text][\/et_pb_column][\/et_pb_row][\/et_pb_section][et_pb_section fb_built=&#8221;1&#8243; module_id=&#8221;retail&#8221; _builder_version=&#8221;4.7.7&#8243; _module_preset=&#8221;default&#8221; background_enable_color=&#8221;off&#8221; custom_padding=&#8221;0px||||false|false&#8221;][et_pb_row _builder_version=&#8221;4.7.7&#8243; _module_preset=&#8221;default&#8221;][et_pb_column type=&#8221;4_4&#8243; _builder_version=&#8221;4.7.7&#8243; _module_preset=&#8221;default&#8221;][et_pb_text _builder_version=&#8221;4.7.7&#8243; _module_preset=&#8221;default&#8221; header_2_font=&#8221;||||||||&#8221; header_2_text_align=&#8221;center&#8221;]<\/p>\n<h2>PRODUKTE F\u00dcR DEN EINZELHANDEL<\/h2>\n<p>[\/et_pb_text][\/et_pb_column][\/et_pb_row][et_pb_row column_structure=&#8221;1_4,1_4,1_4,1_4&#8243; _builder_version=&#8221;4.7.7&#8243; _module_preset=&#8221;default&#8221;][et_pb_column type=&#8221;1_4&#8243; _builder_version=&#8221;4.7.7&#8243; _module_preset=&#8221;default&#8221;][et_pb_image src=&#8221;https:\/\/grauben.com\/wp-content\/uploads\/2021\/02\/tacos-ternera-grauben.jpg&#8221; alt=&#8221;Tacos de ternera&#8221; title_text=&#8221;Tacos de ternera&#8221; show_in_lightbox=&#8221;on&#8221; _builder_version=&#8221;4.7.7&#8243; _module_preset=&#8221;default&#8221;][\/et_pb_image][et_pb_text _builder_version=&#8221;4.7.7&#8243; _module_preset=&#8221;default&#8221; header_4_text_align=&#8221;center&#8221; header_4_font_size=&#8221;16px&#8221;]<\/p>\n<h4>Rindfleischw\u00fcrfel<\/h4>\n<p>[\/et_pb_text][\/et_pb_column][et_pb_column type=&#8221;1_4&#8243; _builder_version=&#8221;4.7.7&#8243; _module_preset=&#8221;default&#8221;][et_pb_image src=&#8221;https:\/\/grauben.com\/wp-content\/uploads\/2021\/02\/rabo-vacuno-grauben.jpg&#8221; alt=&#8221;Rabo de vacuno&#8221; title_text=&#8221;Rabo de vacuno&#8221; show_in_lightbox=&#8221;on&#8221; _builder_version=&#8221;4.7.7&#8243; _module_preset=&#8221;default&#8221;][\/et_pb_image][et_pb_text _builder_version=&#8221;4.7.7&#8243; _module_preset=&#8221;default&#8221; header_4_text_align=&#8221;center&#8221; header_4_font_size=&#8221;16px&#8221;]<\/p>\n<h4>Rinderschwanz<\/h4>\n<p>[\/et_pb_text][\/et_pb_column][et_pb_column type=&#8221;1_4&#8243; _builder_version=&#8221;4.7.7&#8243; _module_preset=&#8221;default&#8221;][et_pb_image src=&#8221;https:\/\/grauben.com\/wp-content\/uploads\/2021\/02\/medallon-de-vacuno-grauben.jpg&#8221; alt=&#8221;Medall\u00f3n de vacuno&#8221; title_text=&#8221;Medall\u00f3n de vacuno&#8221; show_in_lightbox=&#8221;on&#8221; _builder_version=&#8221;4.7.7&#8243; _module_preset=&#8221;default&#8221;][\/et_pb_image][et_pb_text _builder_version=&#8221;4.7.7&#8243; _module_preset=&#8221;default&#8221; header_4_text_align=&#8221;center&#8221; header_4_font_size=&#8221;16px&#8221;]<\/p>\n<h4>Rindermedaillons<\/h4>\n<p>[\/et_pb_text][\/et_pb_column][et_pb_column type=&#8221;1_4&#8243; _builder_version=&#8221;4.7.7&#8243; _module_preset=&#8221;default&#8221;][et_pb_image src=&#8221;https:\/\/grauben.com\/wp-content\/uploads\/2021\/02\/filete-de-pechuga-pollo-grauben.jpg&#8221; alt=&#8221;Filete de pechuga de pollo&#8221; title_text=&#8221;Filete de pechuga de pollo&#8221; show_in_lightbox=&#8221;on&#8221; _builder_version=&#8221;4.7.7&#8243; _module_preset=&#8221;default&#8221;][\/et_pb_image][et_pb_text _builder_version=&#8221;4.7.7&#8243; _module_preset=&#8221;default&#8221; header_4_text_align=&#8221;center&#8221; header_4_font_size=&#8221;16px&#8221;]<\/p>\n<h4>H\u00e4hnchenbrustfilet<\/h4>\n<p>[\/et_pb_text][\/et_pb_column][\/et_pb_row][et_pb_row column_structure=&#8221;1_4,1_4,1_4,1_4&#8243; _builder_version=&#8221;4.7.7&#8243; _module_preset=&#8221;default&#8221;][et_pb_column type=&#8221;1_4&#8243; _builder_version=&#8221;4.7.7&#8243; _module_preset=&#8221;default&#8221;][et_pb_image src=&#8221;https:\/\/grauben.com\/wp-content\/uploads\/2021\/02\/filete-de-pechuga-pollo-ajillo-grauben.jpg&#8221; alt=&#8221;Filete de pechuga de pollo al ajillo&#8221; title_text=&#8221;Filete de pechuga de pollo al ajillo&#8221; show_in_lightbox=&#8221;on&#8221; _builder_version=&#8221;4.7.7&#8243; _module_preset=&#8221;default&#8221;][\/et_pb_image][et_pb_text _builder_version=&#8221;4.7.7&#8243; _module_preset=&#8221;default&#8221; header_4_text_align=&#8221;center&#8221; header_4_font_size=&#8221;16px&#8221;]<\/p>\n<h4>H\u00e4hnchenbrust mit Knoblauchmarinade<\/h4>\n<p>[\/et_pb_text][\/et_pb_column][et_pb_column type=&#8221;1_4&#8243; _builder_version=&#8221;4.7.7&#8243; _module_preset=&#8221;default&#8221;][et_pb_image src=&#8221;https:\/\/grauben.com\/wp-content\/uploads\/2021\/02\/chuleta-de-pavo-grauben.jpg&#8221; alt=&#8221;Chuleta de pavo&#8221; title_text=&#8221;Chuleta de pavo&#8221; show_in_lightbox=&#8221;on&#8221; _builder_version=&#8221;4.7.7&#8243; _module_preset=&#8221;default&#8221;][\/et_pb_image][et_pb_text _builder_version=&#8221;4.7.7&#8243; _module_preset=&#8221;default&#8221; header_4_text_align=&#8221;center&#8221; header_4_font_size=&#8221;16px&#8221;]<\/p>\n<h4>Putenkoteletts<\/h4>\n<p>[\/et_pb_text][\/et_pb_column][et_pb_column type=&#8221;1_4&#8243; _builder_version=&#8221;4.7.7&#8243; _module_preset=&#8221;default&#8221;][et_pb_image src=&#8221;https:\/\/grauben.com\/wp-content\/uploads\/2021\/02\/filete-de-lomo-cerdo-grauben.jpg&#8221; alt=&#8221;Filete de lomo de cerdo&#8221; title_text=&#8221;Filete de lomo de cerdo&#8221; show_in_lightbox=&#8221;on&#8221; _builder_version=&#8221;4.7.7&#8243; _module_preset=&#8221;default&#8221;][\/et_pb_image][et_pb_text _builder_version=&#8221;4.7.7&#8243; _module_preset=&#8221;default&#8221; header_4_text_align=&#8221;center&#8221; header_4_font_size=&#8221;16px&#8221;]<\/p>\n<h4>Schweiner\u00fcckensteaks<\/h4>\n<p>[\/et_pb_text][\/et_pb_column][et_pb_column type=&#8221;1_4&#8243; _builder_version=&#8221;4.7.7&#8243; _module_preset=&#8221;default&#8221;][et_pb_image src=&#8221;https:\/\/grauben.com\/wp-content\/uploads\/2021\/02\/costilla-moruno-andaluz-grauben.jpg&#8221; alt=&#8221;Costilla moruno andaluz&#8221; title_text=&#8221;Costilla moruno andaluz&#8221; show_in_lightbox=&#8221;on&#8221; _builder_version=&#8221;4.7.7&#8243; _module_preset=&#8221;default&#8221;][\/et_pb_image][et_pb_text _builder_version=&#8221;4.7.7&#8243; _module_preset=&#8221;default&#8221; header_4_text_align=&#8221;center&#8221; header_4_font_size=&#8221;16px&#8221;]<\/p>\n<h4>Marinierte Schweinerippchen \u201eAndalusische Art\u201c<\/h4>\n<p>[\/et_pb_text][\/et_pb_column][\/et_pb_row][et_pb_row column_structure=&#8221;1_4,1_4,1_2&#8243; _builder_version=&#8221;4.7.7&#8243; _module_preset=&#8221;default&#8221;][et_pb_column type=&#8221;1_4&#8243; _builder_version=&#8221;4.7.7&#8243; _module_preset=&#8221;default&#8221;][et_pb_image src=&#8221;https:\/\/grauben.com\/wp-content\/uploads\/2021\/02\/costilla-moruno-andaluz-grauben-1.jpg&#8221; alt=&#8221;Costilla adobo andaluz&#8221; title_text=&#8221;costilla-moruno-andaluz-grauben&#8221; show_in_lightbox=&#8221;on&#8221; _builder_version=&#8221;4.7.7&#8243; _module_preset=&#8221;default&#8221;][\/et_pb_image][et_pb_text _builder_version=&#8221;4.7.7&#8243; _module_preset=&#8221;default&#8221; header_4_text_align=&#8221;center&#8221; header_4_font_size=&#8221;16px&#8221;]<\/p>\n<h4>Marinierte Schweinerippchen \u201eMaurische Art\u201c<\/h4>\n<p>[\/et_pb_text][\/et_pb_column][et_pb_column type=&#8221;1_4&#8243; _builder_version=&#8221;4.7.7&#8243; _module_preset=&#8221;default&#8221;][et_pb_image src=&#8221;https:\/\/grauben.com\/wp-content\/uploads\/2021\/02\/chuleta-de-cordero-grauben.jpg&#8221; alt=&#8221;Chuleta de cordero&#8221; title_text=&#8221;Chuleta de cordero&#8221; show_in_lightbox=&#8221;on&#8221; _builder_version=&#8221;4.7.7&#8243; _module_preset=&#8221;default&#8221;][\/et_pb_image][et_pb_text _builder_version=&#8221;4.7.7&#8243; _module_preset=&#8221;default&#8221; header_4_text_align=&#8221;center&#8221; header_4_font_size=&#8221;16px&#8221;]<\/p>\n<h4>Lammkoteletts<\/h4>\n<p>[\/et_pb_text][\/et_pb_column][et_pb_column type=&#8221;1_2&#8243; _builder_version=&#8221;4.7.7&#8243; _module_preset=&#8221;default&#8221;][et_pb_text _builder_version=&#8221;4.7.7&#8243; _module_preset=&#8221;default&#8221; header_text_align=&#8221;center&#8221; header_3_text_align=&#8221;center&#8221; header_3_font_size=&#8221;18px&#8221; header_3_line_height=&#8221;1.3em&#8221;]<\/p>\n<h3>Dies sind nur einige Beispiele unserer Produkte f\u00fcr den Einzelhandel. F\u00fcr Informationen \u00fcber sonstige Produkte setzen Sie sich bitte mit uns in Verbindung.<\/h3>\n<p>[\/et_pb_text][\/et_pb_column][\/et_pb_row][et_pb_row column_structure=&#8221;1_5,3_5,1_5&#8243; _builder_version=&#8221;4.7.7&#8243; _module_preset=&#8221;default&#8221; locked=&#8221;off&#8221;][et_pb_column type=&#8221;1_5&#8243; _builder_version=&#8221;4.7.7&#8243; _module_preset=&#8221;default&#8221;][\/et_pb_column][et_pb_column type=&#8221;3_5&#8243; _builder_version=&#8221;4.7.7&#8243; _module_preset=&#8221;default&#8221;][et_pb_text _builder_version=&#8221;4.7.7&#8243; _module_preset=&#8221;default&#8221; text_orientation=&#8221;center&#8221;]<\/p>\n<p>Sollten Sie Ihr gew\u00fcnschtes Produkt nicht finden, setzen Sie sich mit uns in Verbindung. Wir informieren Sie gerne ausf\u00fchrlich \u00fcber unser Sortiment und Leistungsspektrum.<\/p>\n<p>[\/et_pb_text][et_pb_button button_url=&#8221;https:\/\/grauben.com\/de\/contacto\/&#8221; button_text=&#8221;Kontakt&#8221; button_alignment=&#8221;center&#8221; _builder_version=&#8221;4.7.7&#8243; _module_preset=&#8221;default&#8221; custom_button=&#8221;on&#8221; button_text_color=&#8221;#ffffff&#8221; button_bg_color=&#8221;#3a3379&#8243; button_border_color=&#8221;#3a3379&#8243;][\/et_pb_button][\/et_pb_column][et_pb_column type=&#8221;1_5&#8243; _builder_version=&#8221;4.7.7&#8243; _module_preset=&#8221;default&#8221;][\/et_pb_column][\/et_pb_row][\/et_pb_section][et_pb_section fb_built=&#8221;1&#8243; _builder_version=&#8221;4.7.7&#8243; use_background_color_gradient=&#8221;on&#8221; background_color_gradient_start=&#8221;#ECEBE6&#8243; background_color_gradient_end=&#8221;rgba(40,37,31,0)&#8221; background_color_gradient_direction=&#8221;90deg&#8221; background_color_gradient_start_position=&#8221;38%&#8221; background_color_gradient_end_position=&#8221;47%&#8221; background_color_gradient_overlays_image=&#8221;on&#8221; background_image=&#8221;https:\/\/grauben.com\/wp-content\/uploads\/2021\/02\/productos-carnicos-personalizados.jpg&#8221; custom_padding=&#8221;4%||4%||true|false&#8221;][et_pb_row use_custom_gutter=&#8221;on&#8221; gutter_width=&#8221;2&#8243; make_equal=&#8221;on&#8221; _builder_version=&#8221;3.27.1&#8243; width=&#8221;92%&#8221; width_tablet=&#8221;90%&#8221; width_phone=&#8221;90%&#8221; width_last_edited=&#8221;on|phone&#8221; max_width=&#8221;1280px&#8221; max_width_tablet=&#8221;90%&#8221; max_width_phone=&#8221;90%&#8221; max_width_last_edited=&#8221;on|tablet&#8221; animation_style=&#8221;fade&#8221; animation_duration=&#8221;1400ms&#8221; animation_delay=&#8221;500ms&#8221;][et_pb_column type=&#8221;4_4&#8243; _builder_version=&#8221;3.27.1&#8243;][et_pb_text _builder_version=&#8221;4.0.7&#8243; header_font=&#8221;Poppins|600|||||||&#8221; header_text_align=&#8221;left&#8221; header_text_color=&#8221;#2f3030&#8243; header_font_size=&#8221;50px&#8221; header_letter_spacing=&#8221;-1px&#8221; header_line_height=&#8221;1.2em&#8221; max_width=&#8221;600px&#8221; max_width_tablet=&#8221;&#8221; max_width_phone=&#8221;70%&#8221; max_width_last_edited=&#8221;on|desktop&#8221; custom_margin=&#8221;20px||||false|false&#8221; custom_margin_tablet=&#8221;&#8221; custom_margin_phone=&#8221;-10px||||false|false&#8221; custom_margin_last_edited=&#8221;on|desktop&#8221; header_font_size_tablet=&#8221;&#8221; header_font_size_phone=&#8221;30px&#8221; header_font_size_last_edited=&#8221;on|desktop&#8221;]<\/p>\n<h1>Bester Service, beste Qualit\u00e4t.<\/h1>\n<p>[\/et_pb_text][\/et_pb_column][\/et_pb_row][et_pb_row column_structure=&#8221;1_4,1_4,1_4,1_4&#8243; use_custom_gutter=&#8221;on&#8221; gutter_width=&#8221;2&#8243; make_equal=&#8221;on&#8221; _builder_version=&#8221;3.27.1&#8243; width=&#8221;92%&#8221; width_tablet=&#8221;90%&#8221; width_phone=&#8221;90%&#8221; width_last_edited=&#8221;on|phone&#8221; max_width=&#8221;1280px&#8221; max_width_tablet=&#8221;90%&#8221; max_width_phone=&#8221;90%&#8221; max_width_last_edited=&#8221;on|tablet&#8221; custom_padding=&#8221;12px|||||&#8221; animation_style=&#8221;fade&#8221; animation_duration=&#8221;1400ms&#8221; animation_delay=&#8221;500ms&#8221;][et_pb_column type=&#8221;1_4&#8243; _builder_version=&#8221;3.27.1&#8243;][et_pb_blurb title=&#8221;Erstklassiges Fleisch&#8221; image=&#8221;https:\/\/grauben.com\/wp-content\/uploads\/2019\/12\/psychologist-211-2.png&#8221; icon_placement=&#8221;left&#8221; image_max_width=&#8221;30px&#8221; content_max_width=&#8221;100%&#8221; _builder_version=&#8221;4.7.7&#8243; header_font=&#8221;Poppins||||||||&#8221; header_text_color=&#8221;#2f3030&#8243; header_font_size=&#8221;18px&#8221; header_line_height=&#8221;1.6em&#8221; background_color=&#8221;#ffffff&#8221; transform_translate_linked__hover=&#8221;off&#8221; custom_padding=&#8221;35px|35px|27px|35px|false|true&#8221; animation=&#8221;off&#8221; border_width_top_image=&#8221;11px&#8221; border_color_top_image=&#8221;rgba(0,0,0,0)&#8221; header_text_color__hover_enabled=&#8221;on|hover&#8221; header_text_color__hover=&#8221;#000000&#8243; transform_styles__hover_enabled=&#8221;on&#8221; transform_scale__hover_enabled=&#8221;on&#8221; transform_translate__hover_enabled=&#8221;on&#8221; transform_rotate__hover_enabled=&#8221;on&#8221; transform_skew__hover_enabled=&#8221;on&#8221; transform_origin__hover_enabled=&#8221;on&#8221;][\/et_pb_blurb][et_pb_blurb title=&#8221;International zertifizierte Zulieferer&#8221; image=&#8221;https:\/\/grauben.com\/wp-content\/uploads\/2019\/12\/psychologist-211-2.png&#8221; icon_placement=&#8221;left&#8221; image_max_width=&#8221;30px&#8221; content_max_width=&#8221;100%&#8221; _builder_version=&#8221;4.7.7&#8243; header_font=&#8221;Poppins||||||||&#8221; header_text_color=&#8221;#2f3030&#8243; header_font_size=&#8221;18px&#8221; header_line_height=&#8221;1.6em&#8221; background_color=&#8221;#ffffff&#8221; transform_translate_linked__hover=&#8221;off&#8221; custom_margin=&#8221;37px||||false|false&#8221; custom_padding=&#8221;35px|35px|27px|35px|false|true&#8221; animation=&#8221;off&#8221; border_width_top_image=&#8221;11px&#8221; border_color_top_image=&#8221;rgba(0,0,0,0)&#8221; header_text_color__hover_enabled=&#8221;on|hover&#8221; header_text_color__hover=&#8221;#000000&#8243; transform_styles__hover_enabled=&#8221;on&#8221; transform_scale__hover_enabled=&#8221;on&#8221; transform_translate__hover_enabled=&#8221;on&#8221; transform_rotate__hover_enabled=&#8221;on&#8221; transform_skew__hover_enabled=&#8221;on&#8221; transform_origin__hover_enabled=&#8221;on&#8221;][\/et_pb_blurb][\/et_pb_column][et_pb_column type=&#8221;1_4&#8243; _builder_version=&#8221;3.27.1&#8243;][et_pb_blurb title=&#8221;Individueller Service&#8221; image=&#8221;https:\/\/grauben.com\/wp-content\/uploads\/2019\/12\/psychologist-211-2.png&#8221; icon_placement=&#8221;left&#8221; image_max_width=&#8221;30px&#8221; content_max_width=&#8221;100%&#8221; _builder_version=&#8221;4.7.7&#8243; header_font=&#8221;Poppins||||||||&#8221; header_text_color=&#8221;#2f3030&#8243; header_font_size=&#8221;18px&#8221; header_line_height=&#8221;1.6em&#8221; background_color=&#8221;#ffffff&#8221; transform_translate_linked__hover=&#8221;off&#8221; custom_padding=&#8221;35px|35px|27px|35px|false|true&#8221; animation=&#8221;off&#8221; hover_transition_duration=&#8221;0ms&#8221; border_width_top_image=&#8221;11px&#8221; border_color_top_image=&#8221;rgba(0,0,0,0)&#8221; header_text_color__hover_enabled=&#8221;on|desktop&#8221; header_text_color__hover=&#8221;#000000&#8243; transform_styles__hover_enabled=&#8221;on|desktop&#8221; transform_scale__hover_enabled=&#8221;on|hover&#8221; transform_translate__hover_enabled=&#8221;on|desktop&#8221; transform_rotate__hover_enabled=&#8221;on&#8221; transform_skew__hover_enabled=&#8221;on&#8221; transform_origin__hover_enabled=&#8221;on&#8221;][\/et_pb_blurb][et_pb_blurb title=&#8221;Vertrieb national und international&#8221; image=&#8221;https:\/\/grauben.com\/wp-content\/uploads\/2019\/12\/psychologist-211-2.png&#8221; icon_placement=&#8221;left&#8221; image_max_width=&#8221;30px&#8221; content_max_width=&#8221;100%&#8221; _builder_version=&#8221;4.7.7&#8243; header_font=&#8221;Poppins||||||||&#8221; header_text_color=&#8221;#2f3030&#8243; header_font_size=&#8221;18px&#8221; header_line_height=&#8221;1.6em&#8221; background_color=&#8221;#ffffff&#8221; transform_translate_linked__hover=&#8221;off&#8221; custom_margin=&#8221;37px||||false|false&#8221; custom_padding=&#8221;35px|35px|27px|35px|false|true&#8221; animation=&#8221;off&#8221; border_width_top_image=&#8221;11px&#8221; border_color_top_image=&#8221;rgba(0,0,0,0)&#8221; header_text_color__hover_enabled=&#8221;on&#8221; header_text_color__hover=&#8221;#000000&#8243; transform_styles__hover_enabled=&#8221;on|hover&#8221; transform_scale__hover_enabled=&#8221;on|hover&#8221; transform_translate__hover_enabled=&#8221;on&#8221; transform_rotate__hover_enabled=&#8221;on&#8221; transform_skew__hover_enabled=&#8221;on&#8221; transform_origin__hover_enabled=&#8221;on&#8221;][\/et_pb_blurb][\/et_pb_column][et_pb_column type=&#8221;1_4&#8243; _builder_version=&#8221;3.27.1&#8243;][\/et_pb_column][et_pb_column type=&#8221;1_4&#8243; _builder_version=&#8221;3.27.1&#8243;][\/et_pb_column][\/et_pb_row][\/et_pb_section][et_pb_section fb_built=&#8221;1&#8243; _builder_version=&#8221;4.7.7&#8243; _module_preset=&#8221;default&#8221;][et_pb_row _builder_version=&#8221;4.7.7&#8243; _module_preset=&#8221;default&#8221;][et_pb_column type=&#8221;4_4&#8243; _builder_version=&#8221;4.7.7&#8243; _module_preset=&#8221;default&#8221;][et_pb_text _builder_version=&#8221;4.7.7&#8243; _module_preset=&#8221;default&#8221;]<\/p>\n<p>Seit \u00fcber 20 Jahren arbeiten wir mit anerkannten Erzeugern zusammen, die sowohl f\u00fcr Gefl\u00fcgel als auch f\u00fcr Lamm- und Rindfleisch die Halal-zertifizierte Schlachtung garantieren.<\/p>\n<p>Daher verf\u00fcgen wir \u00fcber eine umfassende Gesch\u00e4ftserfahrung mit dem muslimischen Markt.<\/p>\n<p>[\/et_pb_text][\/et_pb_column][\/et_pb_row][et_pb_row _builder_version=&#8221;4.7.7&#8243; _module_preset=&#8221;default&#8221;][et_pb_column type=&#8221;4_4&#8243; _builder_version=&#8221;4.7.7&#8243; _module_preset=&#8221;default&#8221;][et_pb_image src=&#8221;https:\/\/grauben.com\/wp-content\/uploads\/2021\/01\/Halal-2.jpg&#8221; alt=&#8221;Carnes rito Halal&#8221; title_text=&#8221;Carnes rito Halal&#8221; align=&#8221;center&#8221; _builder_version=&#8221;4.7.7&#8243; _module_preset=&#8221;default&#8221; width=&#8221;100%&#8221; max_width=&#8221;100%&#8221; module_alignment=&#8221;center&#8221; height=&#8221;200px&#8221;][\/et_pb_image][\/et_pb_column][\/et_pb_row][\/et_pb_section][et_pb_section fb_built=&#8221;1&#8243; _builder_version=&#8221;4.7.7&#8243; _module_preset=&#8221;default&#8221; custom_padding=&#8221;0px||||false|false&#8221;][et_pb_row _builder_version=&#8221;4.7.7&#8243; _module_preset=&#8221;default&#8221;][et_pb_column type=&#8221;4_4&#8243; _builder_version=&#8221;4.7.7&#8243; _module_preset=&#8221;default&#8221;][et_pb_image src=&#8221;https:\/\/grauben.com\/wp-content\/uploads\/2021\/02\/exportacion-de-carnes-calidad.jpg&#8221; title_text=&#8221;exportacion-de-carnes-calidad&#8221; align=&#8221;center&#8221; _builder_version=&#8221;4.7.7&#8243; _module_preset=&#8221;default&#8221;][\/et_pb_image][\/et_pb_column][\/et_pb_row][\/et_pb_section]<\/p>\n","protected":false},"excerpt":{"rendered":"<p>[et_pb_section fb_built=&#8221;1&#8243; _builder_version=&#8221;4.7.7&#8243; use_background_color_gradient=&#8221;on&#8221; background_color_gradient_start=&#8221;rgba(40,37,31,0.52)&#8221; background_color_gradient_end=&#8221;rgba(40,37,31,0)&#8221; background_color_gradient_direction=&#8221;90deg&#8221; background_color_gradient_overlays_image=&#8221;on&#8221; background_image=&#8221;https:\/\/grauben.com\/wp-content\/uploads\/2021\/02\/carnes-ave-congelado.jpg&#8221; custom_padding=&#8221;7%||7%||true|false&#8221; animation_style=&#8221;fade&#8221; animation_duration=&#8221;1400ms&#8221; animation_delay=&#8221;500ms&#8221;][et_pb_row use_custom_gutter=&#8221;on&#8221; gutter_width=&#8221;2&#8243; make_equal=&#8221;on&#8221; _builder_version=&#8221;3.27.1&#8243; width=&#8221;92%&#8221; width_tablet=&#8221;90%&#8221; width_phone=&#8221;90%&#8221; width_last_edited=&#8221;on|phone&#8221; max_width=&#8221;1280px&#8221; max_width_tablet=&#8221;90%&#8221; max_width_phone=&#8221;90%&#8221; max_width_last_edited=&#8221;on|tablet&#8221;][et_pb_column type=&#8221;4_4&#8243; _builder_version=&#8221;3.27.1&#8243;][et_pb_text _builder_version=&#8221;4.7.7&#8243; header_font=&#8221;Poppins|700|||||||&#8221; header_text_align=&#8221;left&#8221; header_text_color=&#8221;#ffffff&#8221; header_font_size=&#8221;60px&#8221; header_letter_spacing=&#8221;-1px&#8221; header_line_height=&#8221;1.2em&#8221; max_width=&#8221;600px&#8221; custom_margin=&#8221;44px||||false|false&#8221; header_font_size_tablet=&#8221;&#8221; header_font_size_phone=&#8221;30px&#8221; header_font_size_last_edited=&#8221;on|desktop&#8221;] Wir gehen auf Ihre Bed\u00fcrfnisse ein und entwickeln ma\u00dfgeschneiderte Produkte [\/et_pb_text][\/et_pb_column][\/et_pb_row][\/et_pb_section][et_pb_section fb_built=&#8221;1&#8243; _builder_version=&#8221;4.7.7&#8243; _module_preset=&#8221;default&#8221;][et_pb_row _builder_version=&#8221;4.7.7&#8243; _module_preset=&#8221;default&#8221;][et_pb_column [&hellip;]<\/p>\n","protected":false},"author":2,"featured_media":0,"parent":0,"menu_order":0,"comment_status":"closed","ping_status":"closed","template":"","meta":{"_et_pb_use_builder":"on","_et_pb_old_content":"","_et_gb_content_width":""},"_links":{"self":[{"href":"https:\/\/grauben.com\/de\/wp-json\/wp\/v2\/pages\/50802"}],"collection":[{"href":"https:\/\/grauben.com\/de\/wp-json\/wp\/v2\/pages"}],"about":[{"href":"https:\/\/grauben.com\/de\/wp-json\/wp\/v2\/types\/page"}],"author":[{"embeddable":true,"href":"https:\/\/grauben.com\/de\/wp-json\/wp\/v2\/users\/2"}],"replies":[{"embeddable":true,"href":"https:\/\/grauben.com\/de\/wp-json\/wp\/v2\/comments?post=50802"}],"version-history":[{"count":5,"href":"https:\/\/grauben.com\/de\/wp-json\/wp\/v2\/pages\/50802\/revisions"}],"predecessor-version":[{"id":50807,"href":"https:\/\/grauben.com\/de\/wp-json\/wp\/v2\/pages\/50802\/revisions\/50807"}],"wp:attachment":[{"href":"https:\/\/grauben.com\/de\/wp-json\/wp\/v2\/media?parent=50802"}],"curies":[{"name":"wp","href":"https:\/\/api.w.org\/{rel}","templated":true}]}}