{"id":50817,"date":"2021-05-05T09:56:29","date_gmt":"2021-05-05T09:56:29","guid":{"rendered":"https:\/\/grauben.com\/qualitaet\/"},"modified":"2021-05-05T09:56:31","modified_gmt":"2021-05-05T09:56:31","slug":"qualitaet","status":"publish","type":"page","link":"https:\/\/grauben.com\/de\/qualitaet\/","title":{"rendered":"Qualit\u00e4t"},"content":{"rendered":"<p>[et_pb_section fb_built=&#8221;1&#8243; _builder_version=&#8221;4.7.7&#8243; _module_preset=&#8221;default&#8221; background_image=&#8221;https:\/\/grauben.com\/wp-content\/uploads\/2021\/02\/carnes-de-primera-calidad.jpg&#8221; background_position=&#8221;bottom_center&#8221; custom_padding=&#8221;15%||15%||true|false&#8221;][\/et_pb_section][et_pb_section fb_built=&#8221;1&#8243; _builder_version=&#8221;4.7.7&#8243; _module_preset=&#8221;default&#8221;][et_pb_row _builder_version=&#8221;4.7.7&#8243; _module_preset=&#8221;default&#8221;][et_pb_column type=&#8221;4_4&#8243; _builder_version=&#8221;4.7.7&#8243; _module_preset=&#8221;default&#8221;][et_pb_text _builder_version=&#8221;4.7.7&#8243; _module_preset=&#8221;default&#8221; header_2_text_align=&#8221;center&#8221; hover_enabled=&#8221;0&#8243; header_2_font=&#8221;Yesteryear||||||||&#8221; header_2_text_color=&#8221;#e02b20&#8243; header_2_font_size=&#8221;35px&#8221; sticky_enabled=&#8221;0&#8243;]<\/p>\n<h2>Das Grauben-Qualit\u00e4tsversprechen<\/h2>\n<p>[\/et_pb_text][\/et_pb_column][\/et_pb_row][et_pb_row column_structure=&#8221;3_5,2_5&#8243; _builder_version=&#8221;4.7.7&#8243; _module_preset=&#8221;default&#8221;][et_pb_column type=&#8221;3_5&#8243; _builder_version=&#8221;4.7.7&#8243; _module_preset=&#8221;default&#8221;][et_pb_text _builder_version=&#8221;4.7.7&#8243; _module_preset=&#8221;default&#8221;]<\/p>\n<h2>Sicherheit<\/h2>\n<p>Wir von Grauben achten darauf, ausschlie\u00dflich mit den besten Zulieferern zusammenzuarbeiten. Denn nur so k\u00f6nnen wir unseren Kunden frische <strong>Waren mit gesicherter Qualit\u00e4t anbieten.<\/strong><\/p>\n<p>W\u00e4hrend <strong>der gesamten Verarbeitung f\u00fchren wir sorgf\u00e4ltige Pr\u00fcfungen<\/strong> und Routinekontrollen durch. Dank der Sicherheit und Qualit\u00e4t unserer Produkte vertrauen Tag f\u00fcr Tag Hunderte von Kunden auf uns.<\/p>\n<h2><\/h2>\n<h2>Verantwortung und Engagement<\/h2>\n<p>Unser gesamtes Team engagiert sich f\u00fcr mehr Nachhaltigkeit und f\u00fcr den Umweltschutz. Mit diesem <strong>Ziel im Blick suchen wir f\u00fcr die Verpackung aller unserer Produkte nach den Materialien<\/strong>mit der geringsten Umweltbelastung. Dar\u00fcber hinaus arbeiten wir an der Verbesserung unserer Produktionsverfahren, um unserer gesellschaftlichen Verantwortung nachzukommen.<\/p>\n<p>Auch im Hinblick auf die Entsorgung unseres gesamten Abfalls haben wir die effizienteste . Formel gefunden: Wir nutzen die neuesten Technologien, um alles Notwendige produzieren zu k\u00f6nnen,<strong>ohne dabei unsere Umwelt zu belasten.<\/strong><\/p>\n<p><strong><\/strong><\/p>\n<h2>Weiterbildung<\/h2>\n<p>Alle Mitarbeiter von Grauben nehmen regelm\u00e4\u00dfig an Schulungen teil, um sich kontinuierlich zu verbessern, den Marktanforderungen gerecht zu werden und den Verbrauchern stets die allerbeste Qualit\u00e4t zu bieten.<\/p>\n<p>&nbsp;<\/p>\n<p>[\/et_pb_text][\/et_pb_column][et_pb_column type=&#8221;2_5&#8243; _builder_version=&#8221;4.7.7&#8243; _module_preset=&#8221;default&#8221;][et_pb_image src=&#8221;https:\/\/grauben.com\/wp-content\/uploads\/2021\/02\/carne-de-gran-calidad.jpg&#8221; title_text=&#8221;carne-de-gran-calidad&#8221; _builder_version=&#8221;4.7.7&#8243; _module_preset=&#8221;default&#8221;][\/et_pb_image][\/et_pb_column][\/et_pb_row][et_pb_row column_structure=&#8221;1_5,3_5,1_5&#8243; _builder_version=&#8221;4.7.7&#8243; _module_preset=&#8221;default&#8221;][et_pb_column type=&#8221;1_5&#8243; _builder_version=&#8221;4.7.7&#8243; _module_preset=&#8221;default&#8221;][\/et_pb_column][et_pb_column type=&#8221;3_5&#8243; _builder_version=&#8221;4.7.7&#8243; _module_preset=&#8221;default&#8221;][et_pb_image src=&#8221;https:\/\/grauben.com\/wp-content\/uploads\/2021\/01\/logo-APPCC-grauben.png&#8221; title_text=&#8221;logo-APPCC-grauben&#8221; align=&#8221;center&#8221; _builder_version=&#8221;4.7.7&#8243; _module_preset=&#8221;default&#8221; height=&#8221;250px&#8221;][\/et_pb_image][\/et_pb_column][et_pb_column type=&#8221;1_5&#8243; _builder_version=&#8221;4.7.7&#8243; _module_preset=&#8221;default&#8221;][\/et_pb_column][\/et_pb_row][\/et_pb_section][et_pb_section fb_built=&#8221;1&#8243; _builder_version=&#8221;4.7.7&#8243; use_background_color_gradient=&#8221;on&#8221; background_color_gradient_start=&#8221;rgba(40,37,31,0.52)&#8221; background_color_gradient_end=&#8221;rgba(40,36,24,0.2)&#8221; background_color_gradient_direction=&#8221;90deg&#8221; background_color_gradient_overlays_image=&#8221;on&#8221; background_image=&#8221;https:\/\/grauben.com\/wp-content\/uploads\/2021\/02\/exportacion-carnes-congeladas.jpg&#8221; custom_padding=&#8221;10%||10%||true|false&#8221; animation_style=&#8221;fade&#8221; animation_duration=&#8221;1400ms&#8221; animation_delay=&#8221;500ms&#8221;][et_pb_row use_custom_gutter=&#8221;on&#8221; gutter_width=&#8221;2&#8243; make_equal=&#8221;on&#8221; _builder_version=&#8221;3.27.1&#8243; width=&#8221;92%&#8221; width_tablet=&#8221;90%&#8221; width_phone=&#8221;90%&#8221; width_last_edited=&#8221;on|phone&#8221; max_width=&#8221;1280px&#8221; max_width_tablet=&#8221;90%&#8221; max_width_phone=&#8221;90%&#8221; max_width_last_edited=&#8221;on|tablet&#8221;][et_pb_column type=&#8221;4_4&#8243; _builder_version=&#8221;3.27.1&#8243;][et_pb_text _builder_version=&#8221;4.7.7&#8243; header_font=&#8221;Poppins|700|||||||&#8221; header_text_align=&#8221;left&#8221; header_text_color=&#8221;#ffffff&#8221; header_font_size=&#8221;60px&#8221; header_letter_spacing=&#8221;-1px&#8221; header_line_height=&#8221;1.2em&#8221; header_2_font=&#8221;|700||on|||||&#8221; header_2_text_color=&#8221;#ffffff&#8221; header_2_font_size=&#8221;35px&#8221; header_2_line_height=&#8221;1.3em&#8221; max_width=&#8221;600px&#8221; custom_margin=&#8221;44px||||false|false&#8221; header_font_size_tablet=&#8221;&#8221; header_font_size_phone=&#8221;30px&#8221; header_font_size_last_edited=&#8221;on|desktop&#8221;]<\/p>\n<h2>ALLE UNSERE PRODUKTE SIND VOLLST\u00c4NDIG R\u00dcCKVERFOLGBAR, WODURCH HERKUNFT, QUALIT\u00c4T UND SICHERHEIT GEW\u00c4HRLEISTET SIND<\/h2>\n<p>[\/et_pb_text][\/et_pb_column][\/et_pb_row][\/et_pb_section]<\/p>\n","protected":false},"excerpt":{"rendered":"<p>[et_pb_section fb_built=&#8221;1&#8243; _builder_version=&#8221;4.7.7&#8243; _module_preset=&#8221;default&#8221; background_image=&#8221;https:\/\/grauben.com\/wp-content\/uploads\/2021\/02\/carnes-de-primera-calidad.jpg&#8221; background_position=&#8221;bottom_center&#8221; custom_padding=&#8221;15%||15%||true|false&#8221;][\/et_pb_section][et_pb_section fb_built=&#8221;1&#8243; _builder_version=&#8221;4.7.7&#8243; _module_preset=&#8221;default&#8221;][et_pb_row _builder_version=&#8221;4.7.7&#8243; _module_preset=&#8221;default&#8221;][et_pb_column type=&#8221;4_4&#8243; _builder_version=&#8221;4.7.7&#8243; _module_preset=&#8221;default&#8221;][et_pb_text _builder_version=&#8221;4.7.7&#8243; _module_preset=&#8221;default&#8221; header_2_text_align=&#8221;center&#8221; hover_enabled=&#8221;0&#8243; header_2_font=&#8221;Yesteryear||||||||&#8221; header_2_text_color=&#8221;#e02b20&#8243; header_2_font_size=&#8221;35px&#8221; sticky_enabled=&#8221;0&#8243;] Das Grauben-Qualit\u00e4tsversprechen [\/et_pb_text][\/et_pb_column][\/et_pb_row][et_pb_row column_structure=&#8221;3_5,2_5&#8243; _builder_version=&#8221;4.7.7&#8243; _module_preset=&#8221;default&#8221;][et_pb_column type=&#8221;3_5&#8243; _builder_version=&#8221;4.7.7&#8243; _module_preset=&#8221;default&#8221;][et_pb_text _builder_version=&#8221;4.7.7&#8243; _module_preset=&#8221;default&#8221;] Sicherheit Wir von Grauben achten darauf, ausschlie\u00dflich mit den besten Zulieferern zusammenzuarbeiten. Denn nur so k\u00f6nnen wir unseren Kunden frische Waren [&hellip;]<\/p>\n","protected":false},"author":1,"featured_media":0,"parent":0,"menu_order":0,"comment_status":"closed","ping_status":"closed","template":"","meta":{"_et_pb_use_builder":"on","_et_pb_old_content":"","_et_gb_content_width":""},"_links":{"self":[{"href":"https:\/\/grauben.com\/de\/wp-json\/wp\/v2\/pages\/50817"}],"collection":[{"href":"https:\/\/grauben.com\/de\/wp-json\/wp\/v2\/pages"}],"about":[{"href":"https:\/\/grauben.com\/de\/wp-json\/wp\/v2\/types\/page"}],"author":[{"embeddable":true,"href":"https:\/\/grauben.com\/de\/wp-json\/wp\/v2\/users\/1"}],"replies":[{"embeddable":true,"href":"https:\/\/grauben.com\/de\/wp-json\/wp\/v2\/comments?post=50817"}],"version-history":[{"count":5,"href":"https:\/\/grauben.com\/de\/wp-json\/wp\/v2\/pages\/50817\/revisions"}],"predecessor-version":[{"id":50822,"href":"https:\/\/grauben.com\/de\/wp-json\/wp\/v2\/pages\/50817\/revisions\/50822"}],"wp:attachment":[{"href":"https:\/\/grauben.com\/de\/wp-json\/wp\/v2\/media?parent=50817"}],"curies":[{"name":"wp","href":"https:\/\/api.w.org\/{rel}","templated":true}]}}