{"id":50851,"date":"2021-05-05T12:32:56","date_gmt":"2021-05-05T12:32:56","guid":{"rendered":"https:\/\/grauben.com\/carnes-cordero-congelado\/"},"modified":"2021-05-14T18:25:44","modified_gmt":"2021-05-14T18:25:44","slug":"gefrorenes-lammfleisch","status":"publish","type":"page","link":"https:\/\/grauben.com\/de\/gefrorenes-lammfleisch\/","title":{"rendered":"Gefrorenes Lammfleisch"},"content":{"rendered":"<p>[et_pb_section fb_built=&#8221;1&#8243; _builder_version=&#8221;4.7.7&#8243; background_image=&#8221;https:\/\/grauben.com\/wp-content\/uploads\/2021\/02\/congelado-cordero.jpg&#8221; custom_padding=&#8221;13%||13%||true|false&#8221;][\/et_pb_section][et_pb_section fb_built=&#8221;1&#8243; _builder_version=&#8221;4.0.7&#8243;][et_pb_row _builder_version=&#8221;4.0.7&#8243;][et_pb_column type=&#8221;4_4&#8243; _builder_version=&#8221;4.0.7&#8243;][et_pb_text _builder_version=&#8221;4.7.7&#8243; header_font=&#8221;|600||on|||||&#8221; header_text_align=&#8221;center&#8221;]<\/p>\n<h1>Lammfleisch (TK)<\/h1>\n<p>[\/et_pb_text][\/et_pb_column][\/et_pb_row][et_pb_row column_structure=&#8221;1_3,1_3,1_3&#8243; _builder_version=&#8221;4.0.7&#8243;][et_pb_column type=&#8221;1_3&#8243; _builder_version=&#8221;4.0.7&#8243;][et_pb_image src=&#8221;https:\/\/grauben.com\/wp-content\/uploads\/2021\/02\/cordero-chuletas-de-costilla.jpg&#8221; alt=&#8221;Chuletas de costilla de cordero | Grauben&#8221; title_text=&#8221;Chuletas de costilla de cordero | Grauben&#8221; show_in_lightbox=&#8221;on&#8221; _builder_version=&#8221;4.7.7&#8243;][\/et_pb_image][et_pb_text _builder_version=&#8221;4.7.7&#8243; header_3_font=&#8221;|||on|||||&#8221; header_3_text_align=&#8221;center&#8221; custom_margin=&#8221;0px||0px||false|false&#8221; custom_padding=&#8221;0px||||false|false&#8221;]<\/p>\n<h3>Lammrippenkoteletts<\/h3>\n<p>[\/et_pb_text][\/et_pb_column][et_pb_column type=&#8221;1_3&#8243; _builder_version=&#8221;4.0.7&#8243;][et_pb_image src=&#8221;https:\/\/grauben.com\/wp-content\/uploads\/2021\/02\/cordero-chuletas-de-pierna.jpg&#8221; alt=&#8221;Chuleta de pierna de cordero | Grauben&#8221; title_text=&#8221;Chuleta de pierna de cordero | Grauben&#8221; show_in_lightbox=&#8221;on&#8221; _builder_version=&#8221;4.7.7&#8243;][\/et_pb_image][et_pb_text _builder_version=&#8221;4.7.7&#8243; header_3_font=&#8221;|||on|||||&#8221; header_3_text_align=&#8221;center&#8221; custom_margin=&#8221;0px||0px||false|false&#8221; custom_padding=&#8221;0px||||false|false&#8221;]<\/p>\n<h3>Lammkeulenkoteletts<\/h3>\n<p>[\/et_pb_text][\/et_pb_column][et_pb_column type=&#8221;1_3&#8243; _builder_version=&#8221;4.0.7&#8243;][et_pb_image src=&#8221;https:\/\/grauben.com\/wp-content\/uploads\/2021\/02\/cordero-estofado.jpg&#8221; alt=&#8221;Estofado de cordero | Grauben&#8221; title_text=&#8221;Estofado de cordero | Grauben&#8221; show_in_lightbox=&#8221;on&#8221; _builder_version=&#8221;4.7.7&#8243;][\/et_pb_image][et_pb_text _builder_version=&#8221;4.7.7&#8243; header_3_font=&#8221;|||on|||||&#8221; header_3_text_align=&#8221;center&#8221; custom_margin=&#8221;0px||0px||false|false&#8221; custom_padding=&#8221;0px||||false|false&#8221;]<\/p>\n<h3>Lammfleischw\u00fcrfel f\u00fcr Schmorgerichte<\/h3>\n<p>[\/et_pb_text][\/et_pb_column][\/et_pb_row][et_pb_row column_structure=&#8221;1_3,1_3,1_3&#8243; _builder_version=&#8221;4.0.7&#8243;][et_pb_column type=&#8221;1_3&#8243; _builder_version=&#8221;4.0.7&#8243;][et_pb_image src=&#8221;https:\/\/grauben.com\/wp-content\/uploads\/2021\/02\/cordero-piernas-sin-cadera-y-sin-garron.jpg&#8221; alt=&#8221;Pierna de cordero sin cadera y sin garr\u00f3n | Grauben&#8221; title_text=&#8221;Pierna de cordero sin cadera y sin garr\u00f3n | Grauben&#8221; show_in_lightbox=&#8221;on&#8221; _builder_version=&#8221;4.7.7&#8243;][\/et_pb_image][et_pb_text _builder_version=&#8221;4.7.7&#8243; header_3_font=&#8221;|||on|||||&#8221; header_3_text_align=&#8221;center&#8221; custom_margin=&#8221;0px||0px||false|false&#8221; custom_padding=&#8221;0px||||false|false&#8221;]<\/p>\n<h3>Keulenmittelst\u00fcck ohne H\u00fcftknochen<\/h3>\n<p>[\/et_pb_text][\/et_pb_column][et_pb_column type=&#8221;1_3&#8243; _builder_version=&#8221;4.0.7&#8243;][\/et_pb_column][et_pb_column type=&#8221;1_3&#8243; _builder_version=&#8221;4.0.7&#8243;][\/et_pb_column][\/et_pb_row][\/et_pb_section][et_pb_section fb_built=&#8221;1&#8243; _builder_version=&#8221;4.7.7&#8243; _module_preset=&#8221;default&#8221; custom_padding=&#8221;0px||0px||true|false&#8221; saved_tabs=&#8221;all&#8221;][et_pb_row column_structure=&#8221;1_4,1_2,1_4&#8243; _builder_version=&#8221;4.7.7&#8243; _module_preset=&#8221;default&#8221;][et_pb_column type=&#8221;1_4&#8243; _builder_version=&#8221;4.7.7&#8243; _module_preset=&#8221;default&#8221;][\/et_pb_column][et_pb_column type=&#8221;1_2&#8243; _builder_version=&#8221;4.7.7&#8243; _module_preset=&#8221;default&#8221;][et_pb_image src=&#8221;https:\/\/grauben.com\/wp-content\/uploads\/2021\/01\/Halal-2.jpg&#8221; alt=&#8221;Rindersteak&#8221; title_text=&#8221;Rindersteak&#8221; align=&#8221;center&#8221; _builder_version=&#8221;4.7.7&#8243; _module_preset=&#8221;default&#8221; height=&#8221;200px&#8221;][\/et_pb_image][\/et_pb_column][et_pb_column type=&#8221;1_4&#8243; _builder_version=&#8221;4.7.7&#8243; _module_preset=&#8221;default&#8221;][\/et_pb_column][\/et_pb_row][\/et_pb_section][et_pb_section fb_built=&#8221;1&#8243; _builder_version=&#8221;4.7.7&#8243; background_color=&#8221;#f7f7f7&#8243; background_enable_color=&#8221;off&#8221; custom_margin=&#8221;100px||||false|false&#8221; saved_tabs=&#8221;all&#8221;][et_pb_row _builder_version=&#8221;4.7.7&#8243; _module_preset=&#8221;default&#8221;][et_pb_column type=&#8221;4_4&#8243; _builder_version=&#8221;4.7.7&#8243; _module_preset=&#8221;default&#8221;][et_pb_text _builder_version=&#8221;4.7.7&#8243; _module_preset=&#8221;default&#8221; text_font=&#8221;Yesteryear||||||||&#8221; text_text_color=&#8221;#e02b20&#8243; text_font_size=&#8221;50px&#8221; header_2_font=&#8221;Yesteryear||||||||&#8221; header_2_text_color=&#8221;#e02b20&#8243; header_2_font_size=&#8221;35px&#8221; text_orientation=&#8221;center&#8221;]<\/p>\n<h2>Erfahren Sie mehr \u00fcber unsere Produkte<\/h2>\n<p>[\/et_pb_text][\/et_pb_column][\/et_pb_row][et_pb_row column_structure=&#8221;1_4,1_4,1_4,1_4&#8243; _builder_version=&#8221;4.7.7&#8243; _module_preset=&#8221;default&#8221; global_module=&#8221;51462&#8243;][et_pb_column type=&#8221;1_4&#8243; _builder_version=&#8221;4.7.7&#8243; _module_preset=&#8221;default&#8221;][et_pb_blurb url=&#8221;https:\/\/grauben.com\/de\/gefluegel-gefrorenes-fleisch\/&#8221; module_class=&#8221;category-aves-azul&#8221; _builder_version=&#8221;4.9.4&#8243; _module_preset=&#8221;default&#8221; header_text_align=&#8221;center&#8221; header_text_color=&#8221;#41338a&#8221; background_image=&#8221;https:\/\/grauben.com\/wp-content\/uploads\/2021\/01\/aves-azul-grauben.png&#8221; custom_padding=&#8221;45%||45%||true|false&#8221; animation_style=&#8221;slide&#8221; link_option_url=&#8221;https:\/\/grauben.com\/de\/gefluegel-gefrorenes-fleisch\/&#8221;][\/et_pb_blurb][et_pb_text _builder_version=&#8221;4.7.7&#8243; _module_preset=&#8221;default&#8221; header_2_text_color=&#8221;#41338a&#8221; text_orientation=&#8221;center&#8221; link_option_url=&#8221;https:\/\/grauben.com\/carne-aves-congelado\/&#8221;]<\/p>\n<h2>Gefl\u00fcgel<\/h2>\n<p>[\/et_pb_text][\/et_pb_column][et_pb_column type=&#8221;1_4&#8243; _builder_version=&#8221;4.7.7&#8243; _module_preset=&#8221;default&#8221;][et_pb_blurb url=&#8221;https:\/\/grauben.com\/de\/gefrorenes-rindfleisch\/&#8221; module_class=&#8221;category-vacuno-azul&#8221; _builder_version=&#8221;4.9.4&#8243; _module_preset=&#8221;default&#8221; header_text_align=&#8221;center&#8221; header_text_color=&#8221;#41338a&#8221; background_image=&#8221;https:\/\/grauben.com\/wp-content\/uploads\/2021\/01\/vacuno-azul-grauben.png&#8221; custom_padding=&#8221;45%||45%||true|false&#8221; animation_style=&#8221;slide&#8221; link_option_url=&#8221;https:\/\/grauben.com\/de\/gefrorenes-rindfleisch\/&#8221;][\/et_pb_blurb][et_pb_text _builder_version=&#8221;4.7.7&#8243; _module_preset=&#8221;default&#8221; header_2_text_color=&#8221;#41338a&#8221; text_orientation=&#8221;center&#8221; link_option_url=&#8221;https:\/\/grauben.com\/carnes-ternera-congelada\/&#8221;]<\/p>\n<h2>Rind<\/h2>\n<p>[\/et_pb_text][\/et_pb_column][et_pb_column type=&#8221;1_4&#8243; _builder_version=&#8221;4.7.7&#8243; _module_preset=&#8221;default&#8221;][et_pb_blurb url=&#8221;https:\/\/grauben.com\/de\/gefrorenes-schweinefleisch\/&#8221; module_class=&#8221;category-porcino-azul&#8221; _builder_version=&#8221;4.9.4&#8243; _module_preset=&#8221;default&#8221; header_text_align=&#8221;center&#8221; header_text_color=&#8221;#41338a&#8221; background_image=&#8221;https:\/\/grauben.com\/wp-content\/uploads\/2021\/01\/porcino-azul-grauben.png&#8221; custom_padding=&#8221;45%||45%||true|false&#8221; animation_style=&#8221;slide&#8221; link_option_url=&#8221;https:\/\/grauben.com\/de\/gefrorenes-schweinefleisch\/&#8221;][\/et_pb_blurb][et_pb_text _builder_version=&#8221;4.7.7&#8243; _module_preset=&#8221;default&#8221; header_2_text_color=&#8221;#41338a&#8221; text_orientation=&#8221;center&#8221; link_option_url=&#8221;https:\/\/grauben.com\/carnes-cerdo-congelado\/&#8221;]<\/p>\n<h2>Schwein<\/h2>\n<p>[\/et_pb_text][\/et_pb_column][et_pb_column type=&#8221;1_4&#8243; _builder_version=&#8221;4.7.7&#8243; _module_preset=&#8221;default&#8221;][et_pb_blurb url=&#8221;https:\/\/grauben.com\/de\/gefrorenes-lammfleisch\/&#8221; module_class=&#8221;category-ovino-azul&#8221; _builder_version=&#8221;4.9.4&#8243; _module_preset=&#8221;default&#8221; header_text_align=&#8221;center&#8221; header_text_color=&#8221;#41338a&#8221; background_image=&#8221;https:\/\/grauben.com\/wp-content\/uploads\/2021\/01\/ovino-azul.png&#8221; custom_padding=&#8221;45%||45%||true|false&#8221; animation_style=&#8221;slide&#8221; link_option_url=&#8221;https:\/\/grauben.com\/de\/gefrorenes-lammfleisch\/&#8221;][\/et_pb_blurb][et_pb_text _builder_version=&#8221;4.7.7&#8243; _module_preset=&#8221;default&#8221; header_2_text_color=&#8221;#41338a&#8221; text_orientation=&#8221;center&#8221; link_option_url=&#8221;\/carnes-cordero-congelado\/&#8221;]<\/p>\n<h2>Lamm<\/h2>\n<p>[\/et_pb_text][\/et_pb_column][\/et_pb_row][et_pb_row column_structure=&#8221;1_5,3_5,1_5&#8243; _builder_version=&#8221;4.7.7&#8243; _module_preset=&#8221;default&#8221;][et_pb_column type=&#8221;1_5&#8243; _builder_version=&#8221;4.7.7&#8243; _module_preset=&#8221;default&#8221;][\/et_pb_column][et_pb_column type=&#8221;3_5&#8243; _builder_version=&#8221;4.7.7&#8243; _module_preset=&#8221;default&#8221;][et_pb_text _builder_version=&#8221;4.7.7&#8243; _module_preset=&#8221;default&#8221; text_orientation=&#8221;center&#8221;]<\/p>\n<p>Sollten Sie Ihr gew\u00fcnschtes Produkt nicht finden, setzen Sie sich mit uns in Verbindung. Wir informieren Sie gerne ausf\u00fchrlich \u00fcber unser Sortiment und Leistungsspektrum.<\/p>\n<p>[\/et_pb_text][et_pb_button button_url=&#8221;https:\/\/grauben.com\/de\/kontakt\/&#8221; button_text=&#8221;Kontakt&#8221; button_alignment=&#8221;center&#8221; _builder_version=&#8221;4.9.4&#8243; _module_preset=&#8221;default&#8221; custom_button=&#8221;on&#8221; button_text_color=&#8221;#ffffff&#8221; button_bg_color=&#8221;#3a3379&#8243; button_border_color=&#8221;#3a3379&#8243; hover_enabled=&#8221;0&#8243; sticky_enabled=&#8221;0&#8243;][\/et_pb_button][\/et_pb_column][et_pb_column type=&#8221;1_5&#8243; _builder_version=&#8221;4.7.7&#8243; _module_preset=&#8221;default&#8221;][\/et_pb_column][\/et_pb_row][et_pb_row _builder_version=&#8221;4.7.7&#8243; _module_preset=&#8221;default&#8221;][et_pb_column type=&#8221;4_4&#8243; _builder_version=&#8221;4.7.7&#8243; _module_preset=&#8221;default&#8221;][et_pb_blurb title=&#8221;Entdecken Sie unser Sortiment f\u00fcr den Einzelhandel&#8221; url=&#8221;https:\/\/grauben.com\/de\/service\/#retail&#8221; _builder_version=&#8221;4.7.7&#8243; _module_preset=&#8221;default&#8221; header_text_align=&#8221;center&#8221; header_text_color=&#8221;#3a3379&#8243; header_font_size=&#8221;47px&#8221; background_image=&#8221;https:\/\/grauben.com\/wp-content\/uploads\/2021\/02\/carne-retail-supermercados.png&#8221; custom_padding=&#8221;15%||15%||true|false&#8221; link_option_url=&#8221;https:\/\/grauben.com\/de\/service\/#retail&#8221; header_text_shadow_style=&#8221;preset2&#8243;][\/et_pb_blurb][\/et_pb_column][\/et_pb_row][\/et_pb_section]<\/p>\n","protected":false},"excerpt":{"rendered":"<p>[et_pb_section fb_built=&#8221;1&#8243; _builder_version=&#8221;4.7.7&#8243; background_image=&#8221;https:\/\/grauben.com\/wp-content\/uploads\/2021\/02\/congelado-cordero.jpg&#8221; custom_padding=&#8221;13%||13%||true|false&#8221;][\/et_pb_section][et_pb_section fb_built=&#8221;1&#8243; _builder_version=&#8221;4.0.7&#8243;][et_pb_row _builder_version=&#8221;4.0.7&#8243;][et_pb_column type=&#8221;4_4&#8243; _builder_version=&#8221;4.0.7&#8243;][et_pb_text _builder_version=&#8221;4.7.7&#8243; header_font=&#8221;|600||on|||||&#8221; header_text_align=&#8221;center&#8221;] Lammfleisch (TK) [\/et_pb_text][\/et_pb_column][\/et_pb_row][et_pb_row column_structure=&#8221;1_3,1_3,1_3&#8243; _builder_version=&#8221;4.0.7&#8243;][et_pb_column type=&#8221;1_3&#8243; _builder_version=&#8221;4.0.7&#8243;][et_pb_image src=&#8221;https:\/\/grauben.com\/wp-content\/uploads\/2021\/02\/cordero-chuletas-de-costilla.jpg&#8221; alt=&#8221;Chuletas de costilla de cordero | Grauben&#8221; title_text=&#8221;Chuletas de costilla de cordero | Grauben&#8221; show_in_lightbox=&#8221;on&#8221; _builder_version=&#8221;4.7.7&#8243;][\/et_pb_image][et_pb_text _builder_version=&#8221;4.7.7&#8243; header_3_font=&#8221;|||on|||||&#8221; header_3_text_align=&#8221;center&#8221; custom_margin=&#8221;0px||0px||false|false&#8221; custom_padding=&#8221;0px||||false|false&#8221;] Lammrippenkoteletts [\/et_pb_text][\/et_pb_column][et_pb_column type=&#8221;1_3&#8243; _builder_version=&#8221;4.0.7&#8243;][et_pb_image src=&#8221;https:\/\/grauben.com\/wp-content\/uploads\/2021\/02\/cordero-chuletas-de-pierna.jpg&#8221; alt=&#8221;Chuleta de pierna de cordero | Grauben&#8221; title_text=&#8221;Chuleta [&hellip;]<\/p>\n","protected":false},"author":1,"featured_media":0,"parent":0,"menu_order":0,"comment_status":"closed","ping_status":"closed","template":"","meta":{"_et_pb_use_builder":"on","_et_pb_old_content":"","_et_gb_content_width":""},"_links":{"self":[{"href":"https:\/\/grauben.com\/de\/wp-json\/wp\/v2\/pages\/50851"}],"collection":[{"href":"https:\/\/grauben.com\/de\/wp-json\/wp\/v2\/pages"}],"about":[{"href":"https:\/\/grauben.com\/de\/wp-json\/wp\/v2\/types\/page"}],"author":[{"embeddable":true,"href":"https:\/\/grauben.com\/de\/wp-json\/wp\/v2\/users\/1"}],"replies":[{"embeddable":true,"href":"https:\/\/grauben.com\/de\/wp-json\/wp\/v2\/comments?post=50851"}],"version-history":[{"count":8,"href":"https:\/\/grauben.com\/de\/wp-json\/wp\/v2\/pages\/50851\/revisions"}],"predecessor-version":[{"id":51517,"href":"https:\/\/grauben.com\/de\/wp-json\/wp\/v2\/pages\/50851\/revisions\/51517"}],"wp:attachment":[{"href":"https:\/\/grauben.com\/de\/wp-json\/wp\/v2\/media?parent=50851"}],"curies":[{"name":"wp","href":"https:\/\/api.w.org\/{rel}","templated":true}]}}