{"id":50882,"date":"2021-05-07T09:08:02","date_gmt":"2021-05-07T09:08:02","guid":{"rendered":"https:\/\/grauben.com\/nos-produits\/"},"modified":"2021-05-14T18:17:47","modified_gmt":"2021-05-14T18:17:47","slug":"nos-produits","status":"publish","type":"page","link":"https:\/\/grauben.com\/fr\/nos-produits\/","title":{"rendered":"Nos produits"},"content":{"rendered":"<p>[et_pb_section fb_built=&#8221;1&#8243; _builder_version=&#8221;4.7.7&#8243; background_image=&#8221;https:\/\/grauben.com\/wp-content\/uploads\/2021\/02\/servicios-carnes-calidad.jpg&#8221; custom_padding=&#8221;15%||15%||true|false&#8221;][\/et_pb_section][et_pb_section fb_built=&#8221;1&#8243; _builder_version=&#8221;4.7.7&#8243; _module_preset=&#8221;default&#8221; custom_margin=&#8221;||0px||false|false&#8221; custom_padding=&#8221;||0px||false|false&#8221;][et_pb_row _builder_version=&#8221;4.7.7&#8243; _module_preset=&#8221;default&#8221;][et_pb_column type=&#8221;4_4&#8243; _builder_version=&#8221;4.7.7&#8243; _module_preset=&#8221;default&#8221;][et_pb_text _builder_version=&#8221;4.7.7&#8243; header_font=&#8221;|||on|||||&#8221; header_text_align=&#8221;center&#8221; header_2_font=&#8221;Yesteryear||||||||&#8221; header_2_text_align=&#8221;center&#8221; header_2_text_color=&#8221;#e02b20&#8243; header_2_font_size=&#8221;35px&#8221;]<\/p>\n<h2>D\u00e9couvrez nos produits<\/h2>\n<p>[\/et_pb_text][et_pb_text _builder_version=&#8221;4.7.7&#8243; _module_preset=&#8221;default&#8221;]<\/p>\n<p>Notre objectif principal est de proposer des produits de qualit\u00e9 adapt\u00e9s aux demandes dont nos clients ont besoin. <strong>.<\/strong> Pour cela, chez Grauben, nous travaillons quotidiennement pour avoir une grande vari\u00e9t\u00e9 de produits et de formats, \u00e0 la fois frais et surgel\u00e9s <strong>Et toujours sans gluten ni allerg\u00e8nes.<\/strong><\/p>\n<p>[\/et_pb_text][\/et_pb_column][\/et_pb_row][\/et_pb_section][et_pb_section fb_built=&#8221;1&#8243; _builder_version=&#8221;4.7.7&#8243; background_color=&#8221;#f7f7f7&#8243; background_enable_color=&#8221;off&#8221; custom_margin=&#8221;100px||||false|false&#8221; saved_tabs=&#8221;all&#8221;][et_pb_row _builder_version=&#8221;4.7.7&#8243; _module_preset=&#8221;default&#8221;][et_pb_column type=&#8221;4_4&#8243; _builder_version=&#8221;4.7.7&#8243; _module_preset=&#8221;default&#8221;][et_pb_text _builder_version=&#8221;4.7.7&#8243; _module_preset=&#8221;default&#8221; text_font=&#8221;Yesteryear||||||||&#8221; text_text_color=&#8221;#e02b20&#8243; text_font_size=&#8221;50px&#8221; header_2_font=&#8221;Yesteryear||||||||&#8221; header_2_text_color=&#8221;#e02b20&#8243; header_2_font_size=&#8221;35px&#8221; text_orientation=&#8221;center&#8221;]<\/p>\n<h2>Connaissez nos produits<\/h2>\n<p>[\/et_pb_text][\/et_pb_column][\/et_pb_row][et_pb_row column_structure=&#8221;1_4,1_4,1_4,1_4&#8243; _builder_version=&#8221;4.7.7&#8243; _module_preset=&#8221;default&#8221; global_module=&#8221;51451&#8243;][et_pb_column type=&#8221;1_4&#8243; _builder_version=&#8221;4.7.7&#8243; _module_preset=&#8221;default&#8221;][et_pb_blurb url=&#8221;https:\/\/grauben.com\/fr\/viande-volaille-congelee\/&#8221; module_class=&#8221;category-aves-azul&#8221; _builder_version=&#8221;4.7.7&#8243; _module_preset=&#8221;default&#8221; header_text_align=&#8221;center&#8221; header_text_color=&#8221;#41338a&#8221; background_image=&#8221;https:\/\/grauben.com\/wp-content\/uploads\/2021\/01\/aves-azul-grauben.png&#8221; custom_padding=&#8221;45%||45%||true|false&#8221; animation_style=&#8221;slide&#8221; link_option_url=&#8221;https:\/\/grauben.com\/fr\/viande-volaille-congelee\/&#8221;][\/et_pb_blurb][et_pb_text _builder_version=&#8221;4.7.7&#8243; _module_preset=&#8221;default&#8221; header_2_text_color=&#8221;#41338a&#8221; text_orientation=&#8221;center&#8221; link_option_url=&#8221;https:\/\/grauben.com\/fr\/viande-volaille-congelee\/&#8221;]<\/p>\n<h2>Volaille<\/h2>\n<p>[\/et_pb_text][\/et_pb_column][et_pb_column type=&#8221;1_4&#8243; _builder_version=&#8221;4.7.7&#8243; _module_preset=&#8221;default&#8221;][et_pb_blurb url=&#8221;https:\/\/grauben.com\/fr\/viandes-de-boeuf-surgelees\/&#8221; module_class=&#8221;category-vacuno-azul&#8221; _builder_version=&#8221;4.7.7&#8243; _module_preset=&#8221;default&#8221; header_text_align=&#8221;center&#8221; header_text_color=&#8221;#41338a&#8221; background_image=&#8221;https:\/\/grauben.com\/wp-content\/uploads\/2021\/01\/vacuno-azul-grauben.png&#8221; custom_padding=&#8221;45%||45%||true|false&#8221; animation_style=&#8221;slide&#8221; link_option_url=&#8221;https:\/\/grauben.com\/fr\/viandes-de-boeuf-surgelees\/&#8221;][\/et_pb_blurb][et_pb_text _builder_version=&#8221;4.7.7&#8243; _module_preset=&#8221;default&#8221; header_2_text_color=&#8221;#41338a&#8221; text_orientation=&#8221;center&#8221; link_option_url=&#8221;https:\/\/grauben.com\/fr\/viandes-de-boeuf-surgelees\/&#8221;]<\/p>\n<h2>B\u0153uf<\/h2>\n<p>[\/et_pb_text][\/et_pb_column][et_pb_column type=&#8221;1_4&#8243; _builder_version=&#8221;4.7.7&#8243; _module_preset=&#8221;default&#8221;][et_pb_blurb url=&#8221;https:\/\/grauben.com\/fr\/porc-surgele\/&#8221; module_class=&#8221;category-porcino-azul&#8221; _builder_version=&#8221;4.7.7&#8243; _module_preset=&#8221;default&#8221; header_text_align=&#8221;center&#8221; header_text_color=&#8221;#41338a&#8221; background_image=&#8221;https:\/\/grauben.com\/wp-content\/uploads\/2021\/01\/porcino-azul-grauben.png&#8221; custom_padding=&#8221;45%||45%||true|false&#8221; animation_style=&#8221;slide&#8221; link_option_url=&#8221;https:\/\/grauben.com\/fr\/porc-surgele\/&#8221;][\/et_pb_blurb][et_pb_text _builder_version=&#8221;4.7.7&#8243; _module_preset=&#8221;default&#8221; header_2_text_color=&#8221;#41338a&#8221; text_orientation=&#8221;center&#8221; link_option_url=&#8221;https:\/\/grauben.com\/fr\/porc-surgele\/&#8221;]<\/p>\n<h2>Porc<\/h2>\n<p>[\/et_pb_text][\/et_pb_column][et_pb_column type=&#8221;1_4&#8243; _builder_version=&#8221;4.7.7&#8243; _module_preset=&#8221;default&#8221;][et_pb_blurb url=&#8221;https:\/\/grauben.com\/fr\/agneau-congele\/&#8221; module_class=&#8221;category-ovino-azul&#8221; _builder_version=&#8221;4.7.7&#8243; _module_preset=&#8221;default&#8221; header_text_align=&#8221;center&#8221; header_text_color=&#8221;#41338a&#8221; background_image=&#8221;https:\/\/grauben.com\/wp-content\/uploads\/2021\/01\/ovino-azul.png&#8221; custom_padding=&#8221;45%||45%||true|false&#8221; animation_style=&#8221;slide&#8221; link_option_url=&#8221;https:\/\/grauben.com\/fr\/agneau-congele\/&#8221;][\/et_pb_blurb][et_pb_text _builder_version=&#8221;4.7.7&#8243; _module_preset=&#8221;default&#8221; header_2_text_color=&#8221;#41338a&#8221; text_orientation=&#8221;center&#8221; link_option_url=&#8221;https:\/\/grauben.com\/fr\/agneau-congele\/&#8221;]<\/p>\n<h2>Mouton<\/h2>\n<p>[\/et_pb_text][\/et_pb_column][\/et_pb_row][et_pb_row column_structure=&#8221;1_5,3_5,1_5&#8243; _builder_version=&#8221;4.7.7&#8243; _module_preset=&#8221;default&#8221;][et_pb_column type=&#8221;1_5&#8243; _builder_version=&#8221;4.7.7&#8243; _module_preset=&#8221;default&#8221;][\/et_pb_column][et_pb_column type=&#8221;3_5&#8243; _builder_version=&#8221;4.7.7&#8243; _module_preset=&#8221;default&#8221;][et_pb_text _builder_version=&#8221;4.7.7&#8243; _module_preset=&#8221;default&#8221; text_orientation=&#8221;center&#8221;]<\/p>\n<p>Si vous ne trouvez pas ce que vous cherchez, contactez-nous et nous vous informerons plus en d\u00e9tail sur nos produits et services.<\/p>\n<p>[\/et_pb_text][et_pb_button button_url=&#8221;https:\/\/grauben.com\/fr\/contact\/&#8221; button_text=&#8221;Contacter&#8221; button_alignment=&#8221;center&#8221; _builder_version=&#8221;4.7.7&#8243; _module_preset=&#8221;default&#8221; custom_button=&#8221;on&#8221; button_text_color=&#8221;#ffffff&#8221; button_bg_color=&#8221;#3a3379&#8243; button_border_color=&#8221;#3a3379&#8243;][\/et_pb_button][\/et_pb_column][et_pb_column type=&#8221;1_5&#8243; _builder_version=&#8221;4.7.7&#8243; _module_preset=&#8221;default&#8221;][\/et_pb_column][\/et_pb_row][\/et_pb_section][et_pb_section fb_built=&#8221;1&#8243; _builder_version=&#8221;4.7.7&#8243; custom_margin=&#8221;0px||||false|false&#8221; custom_padding=&#8221;0px||||false|false&#8221;][et_pb_row _builder_version=&#8221;4.0.7&#8243;][et_pb_column type=&#8221;4_4&#8243; _builder_version=&#8221;4.0.7&#8243;][et_pb_text _builder_version=&#8221;4.7.7&#8243; _module_preset=&#8221;default&#8221;]<\/p>\n<p><b>Nous avons une grande vari\u00e9t\u00e9 de formats pour servir divers canaux de vente frais et surgel\u00e9s, tels que:<\/b><\/p>\n<ul>\n<li><b>I.Q.F. (Individual Quick Freezing)<\/b><\/li>\n<li><b>Au vide<\/b><\/li>\n<li><b>Interfoli\u00e9<\/b><\/li>\n<li><b>Polybloc<\/b><\/li>\n<li><b>Format 10 kg<\/b><\/li>\n<li><b>Format 5 kg<\/b><\/li>\n<li><b>Format 3 kg<\/b><\/li>\n<li><b>Etc.<\/b><\/li>\n<\/ul>\n<p>[\/et_pb_text][\/et_pb_column][\/et_pb_row][\/et_pb_section][et_pb_section fb_built=&#8221;1&#8243; _builder_version=&#8221;4.7.7&#8243; use_background_color_gradient=&#8221;on&#8221; background_color_gradient_start=&#8221;rgba(40,37,31,0.52)&#8221; background_color_gradient_end=&#8221;rgba(40,36,26,0.22)&#8221; background_color_gradient_direction=&#8221;90deg&#8221; background_color_gradient_overlays_image=&#8221;on&#8221; background_image=&#8221;https:\/\/grauben.com\/wp-content\/uploads\/2021\/02\/productos-carnicos-de-primera-calidad.jpg&#8221; background_position=&#8221;top_center&#8221; custom_padding=&#8221;7%||7%||true|false&#8221; animation_style=&#8221;fade&#8221; animation_duration=&#8221;1400ms&#8221; animation_delay=&#8221;500ms&#8221;][et_pb_row use_custom_gutter=&#8221;on&#8221; gutter_width=&#8221;2&#8243; make_equal=&#8221;on&#8221; _builder_version=&#8221;3.27.1&#8243; width=&#8221;92%&#8221; width_tablet=&#8221;90%&#8221; width_phone=&#8221;90%&#8221; width_last_edited=&#8221;on|phone&#8221; max_width=&#8221;1280px&#8221; max_width_tablet=&#8221;90%&#8221; max_width_phone=&#8221;90%&#8221; max_width_last_edited=&#8221;on|tablet&#8221;][et_pb_column type=&#8221;4_4&#8243; _builder_version=&#8221;3.27.1&#8243;][et_pb_text _builder_version=&#8221;4.7.7&#8243; _module_preset=&#8221;default&#8221; header_2_font=&#8221;|||on|||||&#8221; header_2_text_align=&#8221;left&#8221; header_2_text_color=&#8221;#ffffff&#8221;]<\/p>\n<h2>PRODUITS INNOVANTS ET RENOUVEL\u00c9S<\/h2>\n<p>[\/et_pb_text][et_pb_text _builder_version=&#8221;4.7.7&#8243; text_text_color=&#8221;#ffffff&#8221; header_font=&#8221;Poppins|700|||||||&#8221; header_text_align=&#8221;left&#8221; header_text_color=&#8221;#ffffff&#8221; header_font_size=&#8221;60px&#8221; header_letter_spacing=&#8221;-1px&#8221; header_line_height=&#8221;1.2em&#8221; max_width=&#8221;600px&#8221; custom_margin=&#8221;44px||||false|false&#8221; header_font_size_tablet=&#8221;&#8221; header_font_size_phone=&#8221;30px&#8221; header_font_size_last_edited=&#8221;on|desktop&#8221;]<\/p>\n<p>Chez Grauben, nous travaillons constamment pour cr\u00e9er de <strong>nouvelles formules et possibilit\u00e9s<\/strong> de fabriquer des produits am\u00e9lior\u00e9s et innovants. Tout cela dans le but d&#8217;offrir au client une <strong>gamme plus compl\u00e8te et polyvalente<\/strong> de produits carn\u00e9s.<\/p>\n<p>C&#8217;est ainsi que nous donnons \u00e0 nos produits une saveur et une tendret\u00e9 incomparables.<strong> <\/strong> <\/p>\n<p>Ces derni\u00e8res ann\u00e9es, nous nous sommes \u00e9tendus au march\u00e9 international, ce qui nous permet d&#8217;explorer de nouvelles exigences et demandes, nous adaptant ainsi \u00e0 n&#8217;importe quel consommateur.<\/p>\n<p>[\/et_pb_text][\/et_pb_column][\/et_pb_row][\/et_pb_section]<\/p>\n","protected":false},"excerpt":{"rendered":"<p>[et_pb_section fb_built=&#8221;1&#8243; _builder_version=&#8221;4.7.7&#8243; background_image=&#8221;https:\/\/grauben.com\/wp-content\/uploads\/2021\/02\/servicios-carnes-calidad.jpg&#8221; custom_padding=&#8221;15%||15%||true|false&#8221;][\/et_pb_section][et_pb_section fb_built=&#8221;1&#8243; _builder_version=&#8221;4.7.7&#8243; _module_preset=&#8221;default&#8221; custom_margin=&#8221;||0px||false|false&#8221; custom_padding=&#8221;||0px||false|false&#8221;][et_pb_row _builder_version=&#8221;4.7.7&#8243; _module_preset=&#8221;default&#8221;][et_pb_column type=&#8221;4_4&#8243; _builder_version=&#8221;4.7.7&#8243; _module_preset=&#8221;default&#8221;][et_pb_text _builder_version=&#8221;4.7.7&#8243; header_font=&#8221;|||on|||||&#8221; header_text_align=&#8221;center&#8221; header_2_font=&#8221;Yesteryear||||||||&#8221; header_2_text_align=&#8221;center&#8221; header_2_text_color=&#8221;#e02b20&#8243; header_2_font_size=&#8221;35px&#8221;] D\u00e9couvrez nos produits [\/et_pb_text][et_pb_text _builder_version=&#8221;4.7.7&#8243; _module_preset=&#8221;default&#8221;] Notre objectif principal est de proposer des produits de qualit\u00e9 adapt\u00e9s aux demandes dont nos clients ont besoin. . Pour cela, chez Grauben, nous travaillons quotidiennement pour [&hellip;]<\/p>\n","protected":false},"author":1,"featured_media":0,"parent":0,"menu_order":0,"comment_status":"closed","ping_status":"closed","template":"","meta":{"_et_pb_use_builder":"on","_et_pb_old_content":"","_et_gb_content_width":""},"_links":{"self":[{"href":"https:\/\/grauben.com\/fr\/wp-json\/wp\/v2\/pages\/50882"}],"collection":[{"href":"https:\/\/grauben.com\/fr\/wp-json\/wp\/v2\/pages"}],"about":[{"href":"https:\/\/grauben.com\/fr\/wp-json\/wp\/v2\/types\/page"}],"author":[{"embeddable":true,"href":"https:\/\/grauben.com\/fr\/wp-json\/wp\/v2\/users\/1"}],"replies":[{"embeddable":true,"href":"https:\/\/grauben.com\/fr\/wp-json\/wp\/v2\/comments?post=50882"}],"version-history":[{"count":8,"href":"https:\/\/grauben.com\/fr\/wp-json\/wp\/v2\/pages\/50882\/revisions"}],"predecessor-version":[{"id":51494,"href":"https:\/\/grauben.com\/fr\/wp-json\/wp\/v2\/pages\/50882\/revisions\/51494"}],"wp:attachment":[{"href":"https:\/\/grauben.com\/fr\/wp-json\/wp\/v2\/media?parent=50882"}],"curies":[{"name":"wp","href":"https:\/\/api.w.org\/{rel}","templated":true}]}}