{"id":50891,"date":"2021-05-07T09:18:15","date_gmt":"2021-05-07T09:18:15","guid":{"rendered":"https:\/\/grauben.com\/prestations-de-service\/"},"modified":"2021-05-13T14:19:41","modified_gmt":"2021-05-13T14:19:41","slug":"prestations-de-service","status":"publish","type":"page","link":"https:\/\/grauben.com\/fr\/prestations-de-service\/","title":{"rendered":"Prestations de service"},"content":{"rendered":"<p>[et_pb_section fb_built=&#8221;1&#8243; _builder_version=&#8221;4.7.7&#8243; use_background_color_gradient=&#8221;on&#8221; background_color_gradient_start=&#8221;rgba(40,37,31,0.52)&#8221; background_color_gradient_end=&#8221;rgba(40,37,31,0)&#8221; background_color_gradient_direction=&#8221;90deg&#8221; background_color_gradient_overlays_image=&#8221;on&#8221; background_image=&#8221;https:\/\/grauben.com\/wp-content\/uploads\/2021\/02\/carnes-ave-congelado.jpg&#8221; custom_padding=&#8221;7%||7%||true|false&#8221; animation_style=&#8221;fade&#8221; animation_duration=&#8221;1400ms&#8221; animation_delay=&#8221;500ms&#8221;][et_pb_row use_custom_gutter=&#8221;on&#8221; gutter_width=&#8221;2&#8243; make_equal=&#8221;on&#8221; _builder_version=&#8221;3.27.1&#8243; width=&#8221;92%&#8221; width_tablet=&#8221;90%&#8221; width_phone=&#8221;90%&#8221; width_last_edited=&#8221;on|phone&#8221; max_width=&#8221;1280px&#8221; max_width_tablet=&#8221;90%&#8221; max_width_phone=&#8221;90%&#8221; max_width_last_edited=&#8221;on|tablet&#8221;][et_pb_column type=&#8221;4_4&#8243; _builder_version=&#8221;3.27.1&#8243;][et_pb_text _builder_version=&#8221;4.7.7&#8243; header_font=&#8221;Poppins|700|||||||&#8221; header_text_align=&#8221;left&#8221; header_text_color=&#8221;#ffffff&#8221; header_font_size=&#8221;60px&#8221; header_letter_spacing=&#8221;-1px&#8221; header_line_height=&#8221;1.2em&#8221; max_width=&#8221;600px&#8221; custom_margin=&#8221;44px||||false|false&#8221; header_font_size_tablet=&#8221;&#8221; header_font_size_phone=&#8221;30px&#8221; header_font_size_last_edited=&#8221;on|desktop&#8221;]<\/p>\n<h1>Nous nous adaptons \u00e0 vos besoins et personnalisons nos produits<\/h1>\n<p>[\/et_pb_text][\/et_pb_column][\/et_pb_row][\/et_pb_section][et_pb_section fb_built=&#8221;1&#8243; _builder_version=&#8221;4.7.7&#8243; _module_preset=&#8221;default&#8221;][et_pb_row _builder_version=&#8221;4.7.7&#8243; _module_preset=&#8221;default&#8221;][et_pb_column type=&#8221;4_4&#8243; _builder_version=&#8221;4.7.7&#8243; _module_preset=&#8221;default&#8221;][et_pb_text _builder_version=&#8221;4.7.7&#8243; _module_preset=&#8221;default&#8221; text_font=&#8221;Yesteryear||||||||&#8221; text_text_color=&#8221;#e02b20&#8243; text_font_size=&#8221;35px&#8221; text_orientation=&#8221;center&#8221;]<\/p>\n<p>Avantages Grauben<\/p>\n<p>[\/et_pb_text][et_pb_text _builder_version=&#8221;4.7.7&#8243; _module_preset=&#8221;default&#8221; header_2_text_align=&#8221;center&#8221; custom_padding=&#8221;||0px||false|false&#8221;]<\/p>\n<h2>Personnalisation de notre produit<\/h2>\n<p>[\/et_pb_text][et_pb_text _builder_version=&#8221;4.7.7&#8243; _module_preset=&#8221;default&#8221; custom_margin=&#8221;0px||||false|false&#8221; custom_padding=&#8221;0px||||false|false&#8221;]<\/p>\n<p>Nous avons un large catalogue de toutes sortes de produits carn\u00e9s, frais et surgel\u00e9s.<\/p>\n<p>Nous voulons r\u00e9pondre \u00e0 tous les besoins de nos clients.<\/p>\n<p>[\/et_pb_text][et_pb_text _builder_version=&#8221;4.7.7&#8243; _module_preset=&#8221;default&#8221;]<\/p>\n<p>Nous offrons un service de personnalisation tel que le format d&#8217;emballage, les coupes sp\u00e9ciales, l&#8217;\u00e9tiquetage et l&#8217;emballage personnalis\u00e9 de mani\u00e8re anonyme ou du client.<\/p>\n<p>[\/et_pb_text][\/et_pb_column][\/et_pb_row][\/et_pb_section][et_pb_section fb_built=&#8221;1&#8243; module_id=&#8221;retail&#8221; _builder_version=&#8221;4.7.7&#8243; _module_preset=&#8221;default&#8221; background_enable_color=&#8221;off&#8221; custom_padding=&#8221;0px||||false|false&#8221;][et_pb_row _builder_version=&#8221;4.7.7&#8243; _module_preset=&#8221;default&#8221;][et_pb_column type=&#8221;4_4&#8243; _builder_version=&#8221;4.7.7&#8243; _module_preset=&#8221;default&#8221;][et_pb_text _builder_version=&#8221;4.7.7&#8243; _module_preset=&#8221;default&#8221; header_2_font=&#8221;||||||||&#8221; header_2_text_align=&#8221;center&#8221;]<\/p>\n<h2>PRODUITS DE VENTE AU D\u00c9TAIL<\/h2>\n<p>[\/et_pb_text][\/et_pb_column][\/et_pb_row][et_pb_row column_structure=&#8221;1_4,1_4,1_4,1_4&#8243; _builder_version=&#8221;4.7.7&#8243; _module_preset=&#8221;default&#8221;][et_pb_column type=&#8221;1_4&#8243; _builder_version=&#8221;4.7.7&#8243; _module_preset=&#8221;default&#8221;][et_pb_image src=&#8221;https:\/\/grauben.com\/wp-content\/uploads\/2021\/02\/tacos-ternera-grauben.jpg&#8221; alt=&#8221;Carr\u00e9s de veau&#8221; title_text=&#8221;Carr\u00e9s de veau&#8221; show_in_lightbox=&#8221;on&#8221; _builder_version=&#8221;4.7.7&#8243; _module_preset=&#8221;default&#8221;][\/et_pb_image][et_pb_text _builder_version=&#8221;4.7.7&#8243; _module_preset=&#8221;default&#8221; header_4_text_align=&#8221;center&#8221; header_4_font_size=&#8221;16px&#8221;]<\/p>\n<h4>Carr\u00e9s de veau<\/h4>\n<p>[\/et_pb_text][\/et_pb_column][et_pb_column type=&#8221;1_4&#8243; _builder_version=&#8221;4.7.7&#8243; _module_preset=&#8221;default&#8221;][et_pb_image src=&#8221;https:\/\/grauben.com\/wp-content\/uploads\/2021\/02\/rabo-vacuno-grauben.jpg&#8221; alt=&#8221;Queue de b\u0153uf&#8221; title_text=&#8221;Queue de b\u0153uf&#8221; show_in_lightbox=&#8221;on&#8221; _builder_version=&#8221;4.7.7&#8243; _module_preset=&#8221;default&#8221;][\/et_pb_image][et_pb_text _builder_version=&#8221;4.7.7&#8243; _module_preset=&#8221;default&#8221; header_4_text_align=&#8221;center&#8221; header_4_font_size=&#8221;16px&#8221;]<\/p>\n<h4>Queue de b\u0153uf<\/h4>\n<p>[\/et_pb_text][\/et_pb_column][et_pb_column type=&#8221;1_4&#8243; _builder_version=&#8221;4.7.7&#8243; _module_preset=&#8221;default&#8221;][et_pb_image src=&#8221;https:\/\/grauben.com\/wp-content\/uploads\/2021\/02\/medallon-de-vacuno-grauben.jpg&#8221; alt=&#8221;M\u00e9daillon de b\u0153uf&#8221; title_text=&#8221;M\u00e9daillon de b\u0153uf&#8221; show_in_lightbox=&#8221;on&#8221; _builder_version=&#8221;4.7.7&#8243; _module_preset=&#8221;default&#8221;][\/et_pb_image][et_pb_text _builder_version=&#8221;4.7.7&#8243; _module_preset=&#8221;default&#8221; header_4_text_align=&#8221;center&#8221; header_4_font_size=&#8221;16px&#8221;]<\/p>\n<h4>M\u00e9daillon de b\u0153uf<\/h4>\n<p>[\/et_pb_text][\/et_pb_column][et_pb_column type=&#8221;1_4&#8243; _builder_version=&#8221;4.7.7&#8243; _module_preset=&#8221;default&#8221;][et_pb_image src=&#8221;https:\/\/grauben.com\/wp-content\/uploads\/2021\/02\/filete-de-pechuga-pollo-grauben.jpg&#8221; alt=&#8221;Filet de poitrine de poulet&#8221; title_text=&#8221;Filet de poitrine de poulet&#8221; show_in_lightbox=&#8221;on&#8221; _builder_version=&#8221;4.7.7&#8243; _module_preset=&#8221;default&#8221;][\/et_pb_image][et_pb_text _builder_version=&#8221;4.7.7&#8243; _module_preset=&#8221;default&#8221; header_4_text_align=&#8221;center&#8221; header_4_font_size=&#8221;16px&#8221;]<\/p>\n<h4>Filet de poitrine de poulet<\/h4>\n<p>[\/et_pb_text][\/et_pb_column][\/et_pb_row][et_pb_row column_structure=&#8221;1_4,1_4,1_4,1_4&#8243; _builder_version=&#8221;4.7.7&#8243; _module_preset=&#8221;default&#8221;][et_pb_column type=&#8221;1_4&#8243; _builder_version=&#8221;4.7.7&#8243; _module_preset=&#8221;default&#8221;][et_pb_image src=&#8221;https:\/\/grauben.com\/wp-content\/uploads\/2021\/02\/filete-de-pechuga-pollo-ajillo-grauben.jpg&#8221; alt=&#8221;Poitrine de poulet \u00e0 l&#8217;ail&#8221; title_text=&#8221;Poitrine de poulet \u00e0 l&#8217;ail&#8221; show_in_lightbox=&#8221;on&#8221; _builder_version=&#8221;4.7.7&#8243; _module_preset=&#8221;default&#8221;][\/et_pb_image][et_pb_text _builder_version=&#8221;4.7.7&#8243; _module_preset=&#8221;default&#8221; header_4_text_align=&#8221;center&#8221; header_4_font_size=&#8221;16px&#8221;]<\/p>\n<h4>Poitrine de poulet \u00e0 l&#8217;ail<\/h4>\n<p>[\/et_pb_text][\/et_pb_column][et_pb_column type=&#8221;1_4&#8243; _builder_version=&#8221;4.7.7&#8243; _module_preset=&#8221;default&#8221;][et_pb_image src=&#8221;https:\/\/grauben.com\/wp-content\/uploads\/2021\/02\/chuleta-de-pavo-grauben.jpg&#8221; alt=&#8221;Escalope de dinde&#8221; title_text=&#8221;Escalope de dinde&#8221; show_in_lightbox=&#8221;on&#8221; _builder_version=&#8221;4.7.7&#8243; _module_preset=&#8221;default&#8221;][\/et_pb_image][et_pb_text _builder_version=&#8221;4.7.7&#8243; _module_preset=&#8221;default&#8221; header_4_text_align=&#8221;center&#8221; header_4_font_size=&#8221;16px&#8221;]<\/p>\n<h4>Escalope de dinde<\/h4>\n<p>[\/et_pb_text][\/et_pb_column][et_pb_column type=&#8221;1_4&#8243; _builder_version=&#8221;4.7.7&#8243; _module_preset=&#8221;default&#8221;][et_pb_image src=&#8221;https:\/\/grauben.com\/wp-content\/uploads\/2021\/02\/filete-de-lomo-cerdo-grauben.jpg&#8221; alt=&#8221;Steak de porc&#8221; title_text=&#8221;Steak de porc&#8221; show_in_lightbox=&#8221;on&#8221; _builder_version=&#8221;4.7.7&#8243; _module_preset=&#8221;default&#8221;][\/et_pb_image][et_pb_text _builder_version=&#8221;4.7.7&#8243; _module_preset=&#8221;default&#8221; header_4_text_align=&#8221;center&#8221; header_4_font_size=&#8221;16px&#8221;]<\/p>\n<h4>Steak de porc<\/h4>\n<p>[\/et_pb_text][\/et_pb_column][et_pb_column type=&#8221;1_4&#8243; _builder_version=&#8221;4.7.7&#8243; _module_preset=&#8221;default&#8221;][et_pb_image src=&#8221;https:\/\/grauben.com\/wp-content\/uploads\/2021\/02\/costilla-moruno-andaluz-grauben.jpg&#8221; alt=&#8221;C\u00f4te mauresque andalouse&#8221; title_text=&#8221;C\u00f4te mauresque andalouse&#8221; show_in_lightbox=&#8221;on&#8221; _builder_version=&#8221;4.7.7&#8243; _module_preset=&#8221;default&#8221;][\/et_pb_image][et_pb_text _builder_version=&#8221;4.7.7&#8243; _module_preset=&#8221;default&#8221; header_4_text_align=&#8221;center&#8221; header_4_font_size=&#8221;16px&#8221;]<\/p>\n<h4>C\u00f4te de marinade andalouse<\/h4>\n<p>[\/et_pb_text][\/et_pb_column][\/et_pb_row][et_pb_row column_structure=&#8221;1_4,1_4,1_2&#8243; _builder_version=&#8221;4.7.7&#8243; _module_preset=&#8221;default&#8221;][et_pb_column type=&#8221;1_4&#8243; _builder_version=&#8221;4.7.7&#8243; _module_preset=&#8221;default&#8221;][et_pb_image src=&#8221;https:\/\/grauben.com\/wp-content\/uploads\/2021\/02\/costilla-moruno-andaluz-grauben-1.jpg&#8221; alt=&#8221;C\u00f4te de marinade andalouse&#8221; title_text=&#8221;costilla-moruno-andaluz-grauben&#8221; show_in_lightbox=&#8221;on&#8221; _builder_version=&#8221;4.7.7&#8243; _module_preset=&#8221;default&#8221;][\/et_pb_image][et_pb_text _builder_version=&#8221;4.7.7&#8243; _module_preset=&#8221;default&#8221; header_4_text_align=&#8221;center&#8221; header_4_font_size=&#8221;16px&#8221;]<\/p>\n<h4>C\u00f4te de marinade moruno<\/h4>\n<p>[\/et_pb_text][\/et_pb_column][et_pb_column type=&#8221;1_4&#8243; _builder_version=&#8221;4.7.7&#8243; _module_preset=&#8221;default&#8221;][et_pb_image src=&#8221;https:\/\/grauben.com\/wp-content\/uploads\/2021\/02\/chuleta-de-cordero-grauben.jpg&#8221; alt=&#8221;C\u00f4te d&#8217;agneau&#8221; title_text=&#8221;C\u00f4te d&#8217;agneau&#8221; show_in_lightbox=&#8221;on&#8221; _builder_version=&#8221;4.7.7&#8243; _module_preset=&#8221;default&#8221;][\/et_pb_image][et_pb_text _builder_version=&#8221;4.7.7&#8243; _module_preset=&#8221;default&#8221; header_4_text_align=&#8221;center&#8221; header_4_font_size=&#8221;16px&#8221;]<\/p>\n<h4>C\u00f4te d&#8217;agneau<\/h4>\n<p>[\/et_pb_text][\/et_pb_column][et_pb_column type=&#8221;1_2&#8243; _builder_version=&#8221;4.7.7&#8243; _module_preset=&#8221;default&#8221;][et_pb_text _builder_version=&#8221;4.7.7&#8243; _module_preset=&#8221;default&#8221; header_text_align=&#8221;center&#8221; header_3_text_align=&#8221;center&#8221; header_3_font_size=&#8221;18px&#8221; header_3_line_height=&#8221;1.3em&#8221;]<\/p>\n<h3>Ce ne sont l\u00e0 que quelques-uns des produits que nous proposons pour la vente au d\u00e9tail. Si vous souhaitez plus d&#8217;informations sur d&#8217;autres produits, vous pouvez nous contacter et nous vous en informerons.<\/h3>\n<p>[\/et_pb_text][\/et_pb_column][\/et_pb_row][et_pb_row column_structure=&#8221;1_5,3_5,1_5&#8243; _builder_version=&#8221;4.7.7&#8243; _module_preset=&#8221;default&#8221; locked=&#8221;off&#8221;][et_pb_column type=&#8221;1_5&#8243; _builder_version=&#8221;4.7.7&#8243; _module_preset=&#8221;default&#8221;][\/et_pb_column][et_pb_column type=&#8221;3_5&#8243; _builder_version=&#8221;4.7.7&#8243; _module_preset=&#8221;default&#8221;][et_pb_text _builder_version=&#8221;4.7.7&#8243; _module_preset=&#8221;default&#8221; text_orientation=&#8221;center&#8221;]<\/p>\n<p>Si vous ne trouvez pas ce que vous cherchez, contactez-nous et nous vous informerons plus en d\u00e9tail sur nos produits et services.<\/p>\n<p>[\/et_pb_text][et_pb_button button_url=&#8221;https:\/\/grauben.com\/fr\/contact\/&#8221; button_text=&#8221;Contacter&#8221; button_alignment=&#8221;center&#8221; _builder_version=&#8221;4.9.4&#8243; _module_preset=&#8221;default&#8221; custom_button=&#8221;on&#8221; button_text_color=&#8221;#ffffff&#8221; button_bg_color=&#8221;#3a3379&#8243; button_border_color=&#8221;#3a3379&#8243; hover_enabled=&#8221;0&#8243; sticky_enabled=&#8221;0&#8243;][\/et_pb_button][\/et_pb_column][et_pb_column type=&#8221;1_5&#8243; _builder_version=&#8221;4.7.7&#8243; _module_preset=&#8221;default&#8221;][\/et_pb_column][\/et_pb_row][\/et_pb_section][et_pb_section fb_built=&#8221;1&#8243; _builder_version=&#8221;4.7.7&#8243; use_background_color_gradient=&#8221;on&#8221; background_color_gradient_start=&#8221;#ECEBE6&#8243; background_color_gradient_end=&#8221;rgba(40,37,31,0)&#8221; background_color_gradient_direction=&#8221;90deg&#8221; background_color_gradient_start_position=&#8221;38%&#8221; background_color_gradient_end_position=&#8221;47%&#8221; background_color_gradient_overlays_image=&#8221;on&#8221; background_image=&#8221;https:\/\/grauben.com\/wp-content\/uploads\/2021\/02\/productos-carnicos-personalizados.jpg&#8221; custom_padding=&#8221;4%||4%||true|false&#8221;][et_pb_row use_custom_gutter=&#8221;on&#8221; gutter_width=&#8221;2&#8243; make_equal=&#8221;on&#8221; _builder_version=&#8221;3.27.1&#8243; width=&#8221;92%&#8221; width_tablet=&#8221;90%&#8221; width_phone=&#8221;90%&#8221; width_last_edited=&#8221;on|phone&#8221; max_width=&#8221;1280px&#8221; max_width_tablet=&#8221;90%&#8221; max_width_phone=&#8221;90%&#8221; max_width_last_edited=&#8221;on|tablet&#8221; animation_style=&#8221;fade&#8221; animation_duration=&#8221;1400ms&#8221; animation_delay=&#8221;500ms&#8221;][et_pb_column type=&#8221;4_4&#8243; _builder_version=&#8221;3.27.1&#8243;][et_pb_text _builder_version=&#8221;4.0.7&#8243; header_font=&#8221;Poppins|600|||||||&#8221; header_text_align=&#8221;left&#8221; header_text_color=&#8221;#2f3030&#8243; header_font_size=&#8221;50px&#8221; header_letter_spacing=&#8221;-1px&#8221; header_line_height=&#8221;1.2em&#8221; max_width=&#8221;600px&#8221; max_width_tablet=&#8221;&#8221; max_width_phone=&#8221;70%&#8221; max_width_last_edited=&#8221;on|desktop&#8221; custom_margin=&#8221;20px||||false|false&#8221; custom_margin_tablet=&#8221;&#8221; custom_margin_phone=&#8221;-10px||||false|false&#8221; custom_margin_last_edited=&#8221;on|desktop&#8221; header_font_size_tablet=&#8221;&#8221; header_font_size_phone=&#8221;30px&#8221; header_font_size_last_edited=&#8221;on|desktop&#8221;]<\/p>\n<h1>Le meilleur service, avec la meilleure qualit\u00e9.<\/h1>\n<p>[\/et_pb_text][\/et_pb_column][\/et_pb_row][et_pb_row column_structure=&#8221;1_4,1_4,1_4,1_4&#8243; use_custom_gutter=&#8221;on&#8221; gutter_width=&#8221;2&#8243; make_equal=&#8221;on&#8221; _builder_version=&#8221;3.27.1&#8243; width=&#8221;92%&#8221; width_tablet=&#8221;90%&#8221; width_phone=&#8221;90%&#8221; width_last_edited=&#8221;on|phone&#8221; max_width=&#8221;1280px&#8221; max_width_tablet=&#8221;90%&#8221; max_width_phone=&#8221;90%&#8221; max_width_last_edited=&#8221;on|tablet&#8221; custom_padding=&#8221;12px|||||&#8221; animation_style=&#8221;fade&#8221; animation_duration=&#8221;1400ms&#8221; animation_delay=&#8221;500ms&#8221;][et_pb_column type=&#8221;1_4&#8243; _builder_version=&#8221;3.27.1&#8243;][et_pb_blurb title=&#8221;Mati\u00e8res premi\u00e8res de 1\u00e8re qualit\u00e9&#8221; image=&#8221;https:\/\/grauben.com\/wp-content\/uploads\/2019\/12\/psychologist-211-2.png&#8221; icon_placement=&#8221;left&#8221; image_max_width=&#8221;30px&#8221; content_max_width=&#8221;100%&#8221; _builder_version=&#8221;4.7.7&#8243; header_font=&#8221;Poppins||||||||&#8221; header_text_color=&#8221;#2f3030&#8243; header_font_size=&#8221;18px&#8221; header_line_height=&#8221;1.6em&#8221; background_color=&#8221;#ffffff&#8221; transform_translate_linked__hover=&#8221;off&#8221; custom_padding=&#8221;35px|35px|27px|35px|false|true&#8221; animation=&#8221;off&#8221; border_width_top_image=&#8221;11px&#8221; border_color_top_image=&#8221;rgba(0,0,0,0)&#8221; header_text_color__hover_enabled=&#8221;on|hover&#8221; header_text_color__hover=&#8221;#000000&#8243; transform_styles__hover_enabled=&#8221;on&#8221; transform_scale__hover_enabled=&#8221;on&#8221; transform_translate__hover_enabled=&#8221;on&#8221; transform_rotate__hover_enabled=&#8221;on&#8221; transform_skew__hover_enabled=&#8221;on&#8221; transform_origin__hover_enabled=&#8221;on&#8221;][\/et_pb_blurb][et_pb_blurb title=&#8221;Fournisseurs homologu\u00e9s internationalement&#8221; image=&#8221;https:\/\/grauben.com\/wp-content\/uploads\/2019\/12\/psychologist-211-2.png&#8221; icon_placement=&#8221;left&#8221; image_max_width=&#8221;30px&#8221; content_max_width=&#8221;100%&#8221; _builder_version=&#8221;4.7.7&#8243; header_font=&#8221;Poppins||||||||&#8221; header_text_color=&#8221;#2f3030&#8243; header_font_size=&#8221;18px&#8221; header_line_height=&#8221;1.6em&#8221; background_color=&#8221;#ffffff&#8221; transform_translate_linked__hover=&#8221;off&#8221; custom_margin=&#8221;37px||||false|false&#8221; custom_padding=&#8221;35px|35px|27px|35px|false|true&#8221; animation=&#8221;off&#8221; border_width_top_image=&#8221;11px&#8221; border_color_top_image=&#8221;rgba(0,0,0,0)&#8221; header_text_color__hover_enabled=&#8221;on|hover&#8221; header_text_color__hover=&#8221;#000000&#8243; transform_styles__hover_enabled=&#8221;on&#8221; transform_scale__hover_enabled=&#8221;on&#8221; transform_translate__hover_enabled=&#8221;on&#8221; transform_rotate__hover_enabled=&#8221;on&#8221; transform_skew__hover_enabled=&#8221;on&#8221; transform_origin__hover_enabled=&#8221;on&#8221;][\/et_pb_blurb][\/et_pb_column][et_pb_column type=&#8221;1_4&#8243; _builder_version=&#8221;3.27.1&#8243;][et_pb_blurb title=&#8221;Attention personnelle&#8221; image=&#8221;https:\/\/grauben.com\/wp-content\/uploads\/2019\/12\/psychologist-211-2.png&#8221; icon_placement=&#8221;left&#8221; image_max_width=&#8221;30px&#8221; content_max_width=&#8221;100%&#8221; _builder_version=&#8221;4.7.7&#8243; header_font=&#8221;Poppins||||||||&#8221; header_text_color=&#8221;#2f3030&#8243; header_font_size=&#8221;18px&#8221; header_line_height=&#8221;1.6em&#8221; background_color=&#8221;#ffffff&#8221; transform_translate_linked__hover=&#8221;off&#8221; custom_padding=&#8221;35px|35px|27px|35px|false|true&#8221; animation=&#8221;off&#8221; hover_transition_duration=&#8221;0ms&#8221; border_width_top_image=&#8221;11px&#8221; border_color_top_image=&#8221;rgba(0,0,0,0)&#8221; header_text_color__hover_enabled=&#8221;on|desktop&#8221; header_text_color__hover=&#8221;#000000&#8243; transform_styles__hover_enabled=&#8221;on|desktop&#8221; transform_scale__hover_enabled=&#8221;on|hover&#8221; transform_translate__hover_enabled=&#8221;on|desktop&#8221; transform_rotate__hover_enabled=&#8221;on&#8221; transform_skew__hover_enabled=&#8221;on&#8221; transform_origin__hover_enabled=&#8221;on&#8221;][\/et_pb_blurb][et_pb_blurb title=&#8221;Distribution nationale et internationale&#8221; image=&#8221;https:\/\/grauben.com\/wp-content\/uploads\/2019\/12\/psychologist-211-2.png&#8221; icon_placement=&#8221;left&#8221; image_max_width=&#8221;30px&#8221; content_max_width=&#8221;100%&#8221; _builder_version=&#8221;4.7.7&#8243; header_font=&#8221;Poppins||||||||&#8221; header_text_color=&#8221;#2f3030&#8243; header_font_size=&#8221;18px&#8221; header_line_height=&#8221;1.6em&#8221; background_color=&#8221;#ffffff&#8221; transform_translate_linked__hover=&#8221;off&#8221; custom_margin=&#8221;37px||||false|false&#8221; custom_padding=&#8221;35px|35px|27px|35px|false|true&#8221; animation=&#8221;off&#8221; border_width_top_image=&#8221;11px&#8221; border_color_top_image=&#8221;rgba(0,0,0,0)&#8221; header_text_color__hover_enabled=&#8221;on&#8221; header_text_color__hover=&#8221;#000000&#8243; transform_styles__hover_enabled=&#8221;on|hover&#8221; transform_scale__hover_enabled=&#8221;on|hover&#8221; transform_translate__hover_enabled=&#8221;on&#8221; transform_rotate__hover_enabled=&#8221;on&#8221; transform_skew__hover_enabled=&#8221;on&#8221; transform_origin__hover_enabled=&#8221;on&#8221;][\/et_pb_blurb][\/et_pb_column][et_pb_column type=&#8221;1_4&#8243; _builder_version=&#8221;3.27.1&#8243;][\/et_pb_column][et_pb_column type=&#8221;1_4&#8243; _builder_version=&#8221;3.27.1&#8243;][\/et_pb_column][\/et_pb_row][\/et_pb_section][et_pb_section fb_built=&#8221;1&#8243; _builder_version=&#8221;4.7.7&#8243; _module_preset=&#8221;default&#8221;][et_pb_row _builder_version=&#8221;4.7.7&#8243; _module_preset=&#8221;default&#8221;][et_pb_column type=&#8221;4_4&#8243; _builder_version=&#8221;4.7.7&#8243; _module_preset=&#8221;default&#8221;][et_pb_text _builder_version=&#8221;4.7.7&#8243; _module_preset=&#8221;default&#8221;]<\/p>\n<p>Depuis plus de 20 ans, nous collaborons avec des producteurs homologu\u00e9s qui garantissent le rite Halal dans leurs processus d&#8217;abattage, en volaille, en agneau et en b\u0153uf.<\/p>\n<p>Gr\u00e2ce \u00e0 cela, nous avons une vaste exp\u00e9rience commerciale avec le march\u00e9 musulman.<\/p>\n<p>[\/et_pb_text][\/et_pb_column][\/et_pb_row][et_pb_row _builder_version=&#8221;4.7.7&#8243; _module_preset=&#8221;default&#8221;][et_pb_column type=&#8221;4_4&#8243; _builder_version=&#8221;4.7.7&#8243; _module_preset=&#8221;default&#8221;][et_pb_image src=&#8221;https:\/\/grauben.com\/wp-content\/uploads\/2021\/01\/Halal-2.jpg&#8221; alt=&#8221;Viandes de rite halal&#8221; title_text=&#8221;Viandes de rite halal&#8221; align=&#8221;center&#8221; _builder_version=&#8221;4.7.7&#8243; _module_preset=&#8221;default&#8221; width=&#8221;100%&#8221; max_width=&#8221;100%&#8221; module_alignment=&#8221;center&#8221; height=&#8221;200px&#8221;][\/et_pb_image][\/et_pb_column][\/et_pb_row][\/et_pb_section][et_pb_section fb_built=&#8221;1&#8243; _builder_version=&#8221;4.7.7&#8243; _module_preset=&#8221;default&#8221; custom_padding=&#8221;0px||||false|false&#8221;][et_pb_row _builder_version=&#8221;4.7.7&#8243; _module_preset=&#8221;default&#8221;][et_pb_column type=&#8221;4_4&#8243; _builder_version=&#8221;4.7.7&#8243; _module_preset=&#8221;default&#8221;][et_pb_image src=&#8221;https:\/\/grauben.com\/wp-content\/uploads\/2021\/02\/exportacion-de-carnes-calidad.jpg&#8221; title_text=&#8221;exportacion-de-carnes-calidad&#8221; align=&#8221;center&#8221; _builder_version=&#8221;4.7.7&#8243; _module_preset=&#8221;default&#8221;][\/et_pb_image][\/et_pb_column][\/et_pb_row][\/et_pb_section]<\/p>\n","protected":false},"excerpt":{"rendered":"<p>[et_pb_section fb_built=&#8221;1&#8243; _builder_version=&#8221;4.7.7&#8243; use_background_color_gradient=&#8221;on&#8221; background_color_gradient_start=&#8221;rgba(40,37,31,0.52)&#8221; background_color_gradient_end=&#8221;rgba(40,37,31,0)&#8221; background_color_gradient_direction=&#8221;90deg&#8221; background_color_gradient_overlays_image=&#8221;on&#8221; background_image=&#8221;https:\/\/grauben.com\/wp-content\/uploads\/2021\/02\/carnes-ave-congelado.jpg&#8221; custom_padding=&#8221;7%||7%||true|false&#8221; animation_style=&#8221;fade&#8221; animation_duration=&#8221;1400ms&#8221; animation_delay=&#8221;500ms&#8221;][et_pb_row use_custom_gutter=&#8221;on&#8221; gutter_width=&#8221;2&#8243; make_equal=&#8221;on&#8221; _builder_version=&#8221;3.27.1&#8243; width=&#8221;92%&#8221; width_tablet=&#8221;90%&#8221; width_phone=&#8221;90%&#8221; width_last_edited=&#8221;on|phone&#8221; max_width=&#8221;1280px&#8221; max_width_tablet=&#8221;90%&#8221; max_width_phone=&#8221;90%&#8221; max_width_last_edited=&#8221;on|tablet&#8221;][et_pb_column type=&#8221;4_4&#8243; _builder_version=&#8221;3.27.1&#8243;][et_pb_text _builder_version=&#8221;4.7.7&#8243; header_font=&#8221;Poppins|700|||||||&#8221; header_text_align=&#8221;left&#8221; header_text_color=&#8221;#ffffff&#8221; header_font_size=&#8221;60px&#8221; header_letter_spacing=&#8221;-1px&#8221; header_line_height=&#8221;1.2em&#8221; max_width=&#8221;600px&#8221; custom_margin=&#8221;44px||||false|false&#8221; header_font_size_tablet=&#8221;&#8221; header_font_size_phone=&#8221;30px&#8221; header_font_size_last_edited=&#8221;on|desktop&#8221;] Nous nous adaptons \u00e0 vos besoins et personnalisons nos produits [\/et_pb_text][\/et_pb_column][\/et_pb_row][\/et_pb_section][et_pb_section fb_built=&#8221;1&#8243; _builder_version=&#8221;4.7.7&#8243; _module_preset=&#8221;default&#8221;][et_pb_row _builder_version=&#8221;4.7.7&#8243; _module_preset=&#8221;default&#8221;][et_pb_column [&hellip;]<\/p>\n","protected":false},"author":2,"featured_media":0,"parent":0,"menu_order":0,"comment_status":"closed","ping_status":"closed","template":"","meta":{"_et_pb_use_builder":"on","_et_pb_old_content":"","_et_gb_content_width":""},"_links":{"self":[{"href":"https:\/\/grauben.com\/fr\/wp-json\/wp\/v2\/pages\/50891"}],"collection":[{"href":"https:\/\/grauben.com\/fr\/wp-json\/wp\/v2\/pages"}],"about":[{"href":"https:\/\/grauben.com\/fr\/wp-json\/wp\/v2\/types\/page"}],"author":[{"embeddable":true,"href":"https:\/\/grauben.com\/fr\/wp-json\/wp\/v2\/users\/2"}],"replies":[{"embeddable":true,"href":"https:\/\/grauben.com\/fr\/wp-json\/wp\/v2\/comments?post=50891"}],"version-history":[{"count":6,"href":"https:\/\/grauben.com\/fr\/wp-json\/wp\/v2\/pages\/50891\/revisions"}],"predecessor-version":[{"id":51097,"href":"https:\/\/grauben.com\/fr\/wp-json\/wp\/v2\/pages\/50891\/revisions\/51097"}],"wp:attachment":[{"href":"https:\/\/grauben.com\/fr\/wp-json\/wp\/v2\/media?parent=50891"}],"curies":[{"name":"wp","href":"https:\/\/api.w.org\/{rel}","templated":true}]}}