{"id":50897,"date":"2021-05-07T09:20:20","date_gmt":"2021-05-07T09:20:20","guid":{"rendered":"https:\/\/grauben.com\/logistique\/"},"modified":"2021-05-07T09:20:23","modified_gmt":"2021-05-07T09:20:23","slug":"logistique","status":"publish","type":"page","link":"https:\/\/grauben.com\/fr\/logistique\/","title":{"rendered":"Logistique"},"content":{"rendered":"<p>[et_pb_section fb_built=&#8221;1&#8243; _builder_version=&#8221;4.7.7&#8243; background_image=&#8221;https:\/\/grauben.com\/wp-content\/uploads\/2021\/02\/logistica-grauben.jpg&#8221; background_position=&#8221;bottom_center&#8221; custom_padding=&#8221;15%||15%||true|false&#8221;][\/et_pb_section][et_pb_section fb_built=&#8221;1&#8243; _builder_version=&#8221;4.0.7&#8243;][et_pb_row column_structure=&#8221;1_2,1_2&#8243; _builder_version=&#8221;4.7.7&#8243; _module_preset=&#8221;default&#8221;][et_pb_column type=&#8221;1_2&#8243; _builder_version=&#8221;4.7.7&#8243; _module_preset=&#8221;default&#8221;][et_pb_text _builder_version=&#8221;4.7.7&#8243; header_2_font=&#8221;Yesteryear|600|||||||&#8221; header_2_text_align=&#8221;center&#8221; hover_enabled=&#8221;0&#8243; header_2_text_color=&#8221;#e02b20&#8243; header_2_font_size=&#8221;35px&#8221; sticky_enabled=&#8221;0&#8243;]<\/p>\n<h2>Logistique<\/h2>\n<p>[\/et_pb_text][et_pb_text _builder_version=&#8221;4.7.7&#8243;]<\/p>\n<p>Nous disposons d&#8217;une flotte moderne de v\u00e9hicules frigorifiques pour livrer nos produits avec toutes les mesures de conservation et de s\u00e9curit\u00e9 n\u00e9cessaires.<\/p>\n<p>Nous collaborons avec les principales agences de transport routier et maritime.<\/p>\n<p>[\/et_pb_text][et_pb_text _builder_version=&#8221;4.7.7&#8243; _module_preset=&#8221;default&#8221;]<\/p>\n<p>Nous exportons nos produits vers diff\u00e9rents march\u00e9s en nous adaptant \u00e0 toutes les cultures de consommation possibles.<\/p>\n<p>Merci \u00e0 une grande exp\u00e9rience avec le march\u00e9 ethnique dans tout le Levant espagnol.<\/p>\n<p>[\/et_pb_text][\/et_pb_column][et_pb_column type=&#8221;1_2&#8243; _builder_version=&#8221;4.7.7&#8243; _module_preset=&#8221;default&#8221;][et_pb_image src=&#8221;https:\/\/grauben.com\/wp-content\/uploads\/2021\/02\/industria-carnica.jpg&#8221; title_text=&#8221;industria-carnica&#8221; _builder_version=&#8221;4.7.7&#8243; _module_preset=&#8221;default&#8221;][\/et_pb_image][\/et_pb_column][\/et_pb_row][et_pb_row _builder_version=&#8221;4.0.7&#8243;][et_pb_column type=&#8221;4_4&#8243; _builder_version=&#8221;4.0.7&#8243;][et_pb_image src=&#8221;https:\/\/grauben.com\/wp-content\/uploads\/2021\/01\/exportacion-grauben.jpg&#8221; title_text=&#8221;exportacion-grauben&#8221; _builder_version=&#8221;4.7.7&#8243;][\/et_pb_image][\/et_pb_column][\/et_pb_row][\/et_pb_section][et_pb_section fb_built=&#8221;1&#8243; _builder_version=&#8221;4.7.7&#8243; _module_preset=&#8221;default&#8221; background_image=&#8221;https:\/\/grauben.com\/wp-content\/uploads\/2021\/02\/carnes-exportacion.jpg&#8221; custom_padding=&#8221;15%||15%||true|false&#8221;][\/et_pb_section]<\/p>\n","protected":false},"excerpt":{"rendered":"<p>[et_pb_section fb_built=&#8221;1&#8243; _builder_version=&#8221;4.7.7&#8243; background_image=&#8221;https:\/\/grauben.com\/wp-content\/uploads\/2021\/02\/logistica-grauben.jpg&#8221; background_position=&#8221;bottom_center&#8221; custom_padding=&#8221;15%||15%||true|false&#8221;][\/et_pb_section][et_pb_section fb_built=&#8221;1&#8243; _builder_version=&#8221;4.0.7&#8243;][et_pb_row column_structure=&#8221;1_2,1_2&#8243; _builder_version=&#8221;4.7.7&#8243; _module_preset=&#8221;default&#8221;][et_pb_column type=&#8221;1_2&#8243; _builder_version=&#8221;4.7.7&#8243; _module_preset=&#8221;default&#8221;][et_pb_text _builder_version=&#8221;4.7.7&#8243; header_2_font=&#8221;Yesteryear|600|||||||&#8221; header_2_text_align=&#8221;center&#8221; hover_enabled=&#8221;0&#8243; header_2_text_color=&#8221;#e02b20&#8243; header_2_font_size=&#8221;35px&#8221; sticky_enabled=&#8221;0&#8243;] Logistique [\/et_pb_text][et_pb_text _builder_version=&#8221;4.7.7&#8243;] Nous disposons d&#8217;une flotte moderne de v\u00e9hicules frigorifiques pour livrer nos produits avec toutes les mesures de conservation et de s\u00e9curit\u00e9 n\u00e9cessaires. Nous collaborons avec les principales agences de transport routier [&hellip;]<\/p>\n","protected":false},"author":1,"featured_media":0,"parent":0,"menu_order":0,"comment_status":"closed","ping_status":"closed","template":"","meta":{"_et_pb_use_builder":"on","_et_pb_old_content":"","_et_gb_content_width":""},"_links":{"self":[{"href":"https:\/\/grauben.com\/fr\/wp-json\/wp\/v2\/pages\/50897"}],"collection":[{"href":"https:\/\/grauben.com\/fr\/wp-json\/wp\/v2\/pages"}],"about":[{"href":"https:\/\/grauben.com\/fr\/wp-json\/wp\/v2\/types\/page"}],"author":[{"embeddable":true,"href":"https:\/\/grauben.com\/fr\/wp-json\/wp\/v2\/users\/1"}],"replies":[{"embeddable":true,"href":"https:\/\/grauben.com\/fr\/wp-json\/wp\/v2\/comments?post=50897"}],"version-history":[{"count":8,"href":"https:\/\/grauben.com\/fr\/wp-json\/wp\/v2\/pages\/50897\/revisions"}],"predecessor-version":[{"id":50905,"href":"https:\/\/grauben.com\/fr\/wp-json\/wp\/v2\/pages\/50897\/revisions\/50905"}],"wp:attachment":[{"href":"https:\/\/grauben.com\/fr\/wp-json\/wp\/v2\/media?parent=50897"}],"curies":[{"name":"wp","href":"https:\/\/api.w.org\/{rel}","templated":true}]}}