{"id":50906,"date":"2021-05-07T09:25:27","date_gmt":"2021-05-07T09:25:27","guid":{"rendered":"https:\/\/grauben.com\/qualite\/"},"modified":"2021-05-07T09:25:51","modified_gmt":"2021-05-07T09:25:51","slug":"qualite","status":"publish","type":"page","link":"https:\/\/grauben.com\/fr\/qualite\/","title":{"rendered":"Qualit\u00e9"},"content":{"rendered":"<p>[et_pb_section fb_built=&#8221;1&#8243; _builder_version=&#8221;4.7.7&#8243; _module_preset=&#8221;default&#8221; background_image=&#8221;https:\/\/grauben.com\/wp-content\/uploads\/2021\/02\/carnes-de-primera-calidad.jpg&#8221; background_position=&#8221;bottom_center&#8221; custom_padding=&#8221;15%||15%||true|false&#8221;][\/et_pb_section][et_pb_section fb_built=&#8221;1&#8243; _builder_version=&#8221;4.7.7&#8243; _module_preset=&#8221;default&#8221;][et_pb_row _builder_version=&#8221;4.7.7&#8243; _module_preset=&#8221;default&#8221;][et_pb_column type=&#8221;4_4&#8243; _builder_version=&#8221;4.7.7&#8243; _module_preset=&#8221;default&#8221;][et_pb_text _builder_version=&#8221;4.7.7&#8243; _module_preset=&#8221;default&#8221; header_2_text_align=&#8221;center&#8221; hover_enabled=&#8221;0&#8243; header_2_font=&#8221;Yesteryear||||||||&#8221; header_2_text_color=&#8221;#e02b20&#8243; header_2_font_size=&#8221;35px&#8221; sticky_enabled=&#8221;0&#8243;]<\/p>\n<h2>Qualit\u00e9 Grauben<\/h2>\n<p>[\/et_pb_text][\/et_pb_column][\/et_pb_row][et_pb_row column_structure=&#8221;3_5,2_5&#8243; _builder_version=&#8221;4.7.7&#8243; _module_preset=&#8221;default&#8221;][et_pb_column type=&#8221;3_5&#8243; _builder_version=&#8221;4.7.7&#8243; _module_preset=&#8221;default&#8221;][et_pb_text _builder_version=&#8221;4.7.7&#8243; _module_preset=&#8221;default&#8221;]<\/p>\n<h2>S\u00e9curit\u00e9<\/h2>\n<p>Chez Grauben, nous nous assurons d&#8217;avoir les meilleurs fournisseurs de mati\u00e8res premi\u00e8res Ce n&#8217;est qu&#8217;ainsi que nous pouvons obtenir des produits frais qui nous <strong>apportent la s\u00e9curit\u00e9 et la garantie<\/strong> que nous voulons offrir \u00e0 nos clients.<\/p>\n<p>Nous effectuons des <strong>r\u00e9visions exhaustives et des contr\u00f4les de routine<\/strong> tout au long du processus de production. La s\u00e9curit\u00e9 et la qualit\u00e9 de nos produits sont ce qui fait que des centaines de clients nous font confiance jour apr\u00e8s jour.<\/p>\n<h2><\/h2>\n<h2>Responsabilit\u00e9 civile et Engagement<\/h2>\n<p>Toute notre \u00e9quipe est engag\u00e9e en faveur du d\u00e9veloppement durable et de l&#8217;environnement. Pour cela, nous recherchons des <strong>mat\u00e9riaux ayant le moins d&#8217;impact environnemental<\/strong>pour emballer tous nos produits . De plus, nous travaillons \u00e0 l&#8217;am\u00e9lioration de toutes nos techniques de production pour collaborer avec la responsabilit\u00e9 civile.<\/p>\n<p>Nous avons \u00e9galement trouv\u00e9 la formule la plus efficace pour g\u00e9rer tous nos d\u00e9chets. Nous utilisons les derni\u00e8res technologies pour pouvoir produire tout le n\u00e9cessaire <strong>sans nuire \u00e0 l&#8217;environnement qui nous entoure.<\/strong><\/p>\n<p><strong><\/strong><\/p>\n<h2>Formation et d\u00e9veloppement<\/h2>\n<p>Chez Grauben, tous nos employ\u00e9s participent \u00e0 une formation continue pour s&#8217;am\u00e9liorer jour apr\u00e8s jour, r\u00e9pondre aux demandes du march\u00e9 et offrir aux consommateurs la meilleure qualit\u00e9.<\/p>\n<p>&nbsp;<\/p>\n<p>[\/et_pb_text][\/et_pb_column][et_pb_column type=&#8221;2_5&#8243; _builder_version=&#8221;4.7.7&#8243; _module_preset=&#8221;default&#8221;][et_pb_image src=&#8221;https:\/\/grauben.com\/wp-content\/uploads\/2021\/02\/carne-de-gran-calidad.jpg&#8221; title_text=&#8221;carne-de-gran-calidad&#8221; _builder_version=&#8221;4.7.7&#8243; _module_preset=&#8221;default&#8221;][\/et_pb_image][\/et_pb_column][\/et_pb_row][et_pb_row column_structure=&#8221;1_5,3_5,1_5&#8243; _builder_version=&#8221;4.7.7&#8243; _module_preset=&#8221;default&#8221;][et_pb_column type=&#8221;1_5&#8243; _builder_version=&#8221;4.7.7&#8243; _module_preset=&#8221;default&#8221;][\/et_pb_column][et_pb_column type=&#8221;3_5&#8243; _builder_version=&#8221;4.7.7&#8243; _module_preset=&#8221;default&#8221;][et_pb_image src=&#8221;https:\/\/grauben.com\/wp-content\/uploads\/2021\/01\/logo-APPCC-grauben.png&#8221; title_text=&#8221;logo-APPCC-grauben&#8221; align=&#8221;center&#8221; _builder_version=&#8221;4.7.7&#8243; _module_preset=&#8221;default&#8221; height=&#8221;250px&#8221;][\/et_pb_image][\/et_pb_column][et_pb_column type=&#8221;1_5&#8243; _builder_version=&#8221;4.7.7&#8243; _module_preset=&#8221;default&#8221;][\/et_pb_column][\/et_pb_row][\/et_pb_section][et_pb_section fb_built=&#8221;1&#8243; _builder_version=&#8221;4.7.7&#8243; use_background_color_gradient=&#8221;on&#8221; background_color_gradient_start=&#8221;rgba(40,37,31,0.52)&#8221; background_color_gradient_end=&#8221;rgba(40,36,24,0.2)&#8221; background_color_gradient_direction=&#8221;90deg&#8221; background_color_gradient_overlays_image=&#8221;on&#8221; background_image=&#8221;https:\/\/grauben.com\/wp-content\/uploads\/2021\/02\/exportacion-carnes-congeladas.jpg&#8221; custom_padding=&#8221;10%||10%||true|false&#8221; animation_style=&#8221;fade&#8221; animation_duration=&#8221;1400ms&#8221; animation_delay=&#8221;500ms&#8221;][et_pb_row use_custom_gutter=&#8221;on&#8221; gutter_width=&#8221;2&#8243; make_equal=&#8221;on&#8221; _builder_version=&#8221;3.27.1&#8243; width=&#8221;92%&#8221; width_tablet=&#8221;90%&#8221; width_phone=&#8221;90%&#8221; width_last_edited=&#8221;on|phone&#8221; max_width=&#8221;1280px&#8221; max_width_tablet=&#8221;90%&#8221; max_width_phone=&#8221;90%&#8221; max_width_last_edited=&#8221;on|tablet&#8221;][et_pb_column type=&#8221;4_4&#8243; _builder_version=&#8221;3.27.1&#8243;][et_pb_text _builder_version=&#8221;4.7.7&#8243; header_font=&#8221;Poppins|700|||||||&#8221; header_text_align=&#8221;left&#8221; header_text_color=&#8221;#ffffff&#8221; header_font_size=&#8221;60px&#8221; header_letter_spacing=&#8221;-1px&#8221; header_line_height=&#8221;1.2em&#8221; header_2_font=&#8221;|700||on|||||&#8221; header_2_text_color=&#8221;#ffffff&#8221; header_2_font_size=&#8221;35px&#8221; header_2_line_height=&#8221;1.3em&#8221; max_width=&#8221;600px&#8221; custom_margin=&#8221;44px||||false|false&#8221; header_font_size_tablet=&#8221;&#8221; header_font_size_phone=&#8221;30px&#8221; header_font_size_last_edited=&#8221;on|desktop&#8221;]<\/p>\n<h2>TOUS NOS PRODUITS ONT UN SYST\u00c8ME DE TRA\u00c7ABILIT\u00c9 QUI GARANTIT LEUR ORIGINE, LA QUALIT\u00c9 ET LA S\u00c9CURIT\u00c9<\/h2>\n<p>[\/et_pb_text][\/et_pb_column][\/et_pb_row][\/et_pb_section]<\/p>\n","protected":false},"excerpt":{"rendered":"<p>[et_pb_section fb_built=&#8221;1&#8243; _builder_version=&#8221;4.7.7&#8243; _module_preset=&#8221;default&#8221; background_image=&#8221;https:\/\/grauben.com\/wp-content\/uploads\/2021\/02\/carnes-de-primera-calidad.jpg&#8221; background_position=&#8221;bottom_center&#8221; custom_padding=&#8221;15%||15%||true|false&#8221;][\/et_pb_section][et_pb_section fb_built=&#8221;1&#8243; _builder_version=&#8221;4.7.7&#8243; _module_preset=&#8221;default&#8221;][et_pb_row _builder_version=&#8221;4.7.7&#8243; _module_preset=&#8221;default&#8221;][et_pb_column type=&#8221;4_4&#8243; _builder_version=&#8221;4.7.7&#8243; _module_preset=&#8221;default&#8221;][et_pb_text _builder_version=&#8221;4.7.7&#8243; _module_preset=&#8221;default&#8221; header_2_text_align=&#8221;center&#8221; hover_enabled=&#8221;0&#8243; header_2_font=&#8221;Yesteryear||||||||&#8221; header_2_text_color=&#8221;#e02b20&#8243; header_2_font_size=&#8221;35px&#8221; sticky_enabled=&#8221;0&#8243;] Qualit\u00e9 Grauben [\/et_pb_text][\/et_pb_column][\/et_pb_row][et_pb_row column_structure=&#8221;3_5,2_5&#8243; _builder_version=&#8221;4.7.7&#8243; _module_preset=&#8221;default&#8221;][et_pb_column type=&#8221;3_5&#8243; _builder_version=&#8221;4.7.7&#8243; _module_preset=&#8221;default&#8221;][et_pb_text _builder_version=&#8221;4.7.7&#8243; _module_preset=&#8221;default&#8221;] S\u00e9curit\u00e9 Chez Grauben, nous nous assurons d&#8217;avoir les meilleurs fournisseurs de mati\u00e8res premi\u00e8res Ce n&#8217;est qu&#8217;ainsi que nous pouvons obtenir des [&hellip;]<\/p>\n","protected":false},"author":1,"featured_media":0,"parent":0,"menu_order":0,"comment_status":"closed","ping_status":"closed","template":"","meta":{"_et_pb_use_builder":"on","_et_pb_old_content":"","_et_gb_content_width":""},"_links":{"self":[{"href":"https:\/\/grauben.com\/fr\/wp-json\/wp\/v2\/pages\/50906"}],"collection":[{"href":"https:\/\/grauben.com\/fr\/wp-json\/wp\/v2\/pages"}],"about":[{"href":"https:\/\/grauben.com\/fr\/wp-json\/wp\/v2\/types\/page"}],"author":[{"embeddable":true,"href":"https:\/\/grauben.com\/fr\/wp-json\/wp\/v2\/users\/1"}],"replies":[{"embeddable":true,"href":"https:\/\/grauben.com\/fr\/wp-json\/wp\/v2\/comments?post=50906"}],"version-history":[{"count":5,"href":"https:\/\/grauben.com\/fr\/wp-json\/wp\/v2\/pages\/50906\/revisions"}],"predecessor-version":[{"id":50911,"href":"https:\/\/grauben.com\/fr\/wp-json\/wp\/v2\/pages\/50906\/revisions\/50911"}],"wp:attachment":[{"href":"https:\/\/grauben.com\/fr\/wp-json\/wp\/v2\/media?parent=50906"}],"curies":[{"name":"wp","href":"https:\/\/api.w.org\/{rel}","templated":true}]}}