{"id":50957,"date":"2021-05-07T10:16:07","date_gmt":"2021-05-07T10:16:07","guid":{"rendered":"https:\/\/grauben.com\/agneau-congele\/"},"modified":"2021-05-14T18:11:27","modified_gmt":"2021-05-14T18:11:27","slug":"agneau-congele","status":"publish","type":"page","link":"https:\/\/grauben.com\/fr\/agneau-congele\/","title":{"rendered":"Agneau congel\u00e9"},"content":{"rendered":"<p>[et_pb_section fb_built=&#8221;1&#8243; _builder_version=&#8221;4.7.7&#8243; background_image=&#8221;https:\/\/grauben.com\/wp-content\/uploads\/2021\/02\/congelado-cordero.jpg&#8221; custom_padding=&#8221;13%||13%||true|false&#8221;][\/et_pb_section][et_pb_section fb_built=&#8221;1&#8243; _builder_version=&#8221;4.0.7&#8243;][et_pb_row _builder_version=&#8221;4.0.7&#8243;][et_pb_column type=&#8221;4_4&#8243; _builder_version=&#8221;4.0.7&#8243;][et_pb_text _builder_version=&#8221;4.7.7&#8243; header_font=&#8221;|600||on|||||&#8221; header_text_align=&#8221;center&#8221;]<\/p>\n<h1>Agneau congel\u00e9<\/h1>\n<p>[\/et_pb_text][\/et_pb_column][\/et_pb_row][et_pb_row column_structure=&#8221;1_3,1_3,1_3&#8243; _builder_version=&#8221;4.0.7&#8243;][et_pb_column type=&#8221;1_3&#8243; _builder_version=&#8221;4.0.7&#8243;][et_pb_image src=&#8221;https:\/\/grauben.com\/wp-content\/uploads\/2021\/02\/cordero-chuletas-de-costilla.jpg&#8221; alt=&#8221;C\u00f4telettes de c\u00f4tes | Grauben&#8221; title_text=&#8221;C\u00f4telettes de c\u00f4tes | Grauben&#8221; show_in_lightbox=&#8221;on&#8221; _builder_version=&#8221;4.7.7&#8243;][\/et_pb_image][et_pb_text _builder_version=&#8221;4.7.7&#8243; header_3_font=&#8221;|||on|||||&#8221; header_3_text_align=&#8221;center&#8221; custom_margin=&#8221;0px||0px||false|false&#8221; custom_padding=&#8221;0px||||false|false&#8221;]<\/p>\n<h3>C\u00f4telettes de c\u00f4tes<\/h3>\n<p>[\/et_pb_text][\/et_pb_column][et_pb_column type=&#8221;1_3&#8243; _builder_version=&#8221;4.0.7&#8243;][et_pb_image src=&#8221;https:\/\/grauben.com\/wp-content\/uploads\/2021\/02\/cordero-chuletas-de-pierna.jpg&#8221; alt=&#8221;C\u00f4telette de jambe | Grauben&#8221; title_text=&#8221;C\u00f4telette de jambe | Grauben&#8221; show_in_lightbox=&#8221;on&#8221; _builder_version=&#8221;4.7.7&#8243;][\/et_pb_image][et_pb_text _builder_version=&#8221;4.7.7&#8243; header_3_font=&#8221;|||on|||||&#8221; header_3_text_align=&#8221;center&#8221; custom_margin=&#8221;0px||0px||false|false&#8221; custom_padding=&#8221;0px||||false|false&#8221;]<\/p>\n<h3>C\u00f4telette de jambe<\/h3>\n<p>[\/et_pb_text][\/et_pb_column][et_pb_column type=&#8221;1_3&#8243; _builder_version=&#8221;4.0.7&#8243;][et_pb_image src=&#8221;https:\/\/grauben.com\/wp-content\/uploads\/2021\/02\/cordero-estofado.jpg&#8221; alt=&#8221;Rago\u00fbt| Grauben&#8221; title_text=&#8221;Rago\u00fbt| Grauben&#8221; show_in_lightbox=&#8221;on&#8221; _builder_version=&#8221;4.7.7&#8243;][\/et_pb_image][et_pb_text _builder_version=&#8221;4.7.7&#8243; header_3_font=&#8221;|||on|||||&#8221; header_3_text_align=&#8221;center&#8221; custom_margin=&#8221;0px||0px||false|false&#8221; custom_padding=&#8221;0px||||false|false&#8221;]<\/p>\n<h3>Rago\u00fbt<\/h3>\n<p>[\/et_pb_text][\/et_pb_column][\/et_pb_row][et_pb_row column_structure=&#8221;1_3,1_3,1_3&#8243; _builder_version=&#8221;4.0.7&#8243;][et_pb_column type=&#8221;1_3&#8243; _builder_version=&#8221;4.0.7&#8243;][et_pb_image src=&#8221;https:\/\/grauben.com\/wp-content\/uploads\/2021\/02\/cordero-piernas-sin-cadera-y-sin-garron.jpg&#8221; alt=&#8221;Jambe sans hanche et sans jarret | Grauben&#8221; title_text=&#8221;Jambe sans hanche et sans jarret | Grauben&#8221; show_in_lightbox=&#8221;on&#8221; _builder_version=&#8221;4.7.7&#8243;][\/et_pb_image][et_pb_text _builder_version=&#8221;4.7.7&#8243; header_3_font=&#8221;|||on|||||&#8221; header_3_text_align=&#8221;center&#8221; custom_margin=&#8221;0px||0px||false|false&#8221; custom_padding=&#8221;0px||||false|false&#8221;]<\/p>\n<h3>Jambe sans hanche et sans jarret<\/h3>\n<p>[\/et_pb_text][\/et_pb_column][et_pb_column type=&#8221;1_3&#8243; _builder_version=&#8221;4.0.7&#8243;][\/et_pb_column][et_pb_column type=&#8221;1_3&#8243; _builder_version=&#8221;4.0.7&#8243;][\/et_pb_column][\/et_pb_row][\/et_pb_section][et_pb_section fb_built=&#8221;1&#8243; _builder_version=&#8221;4.7.7&#8243; _module_preset=&#8221;default&#8221; custom_padding=&#8221;0px||0px||true|false&#8221; saved_tabs=&#8221;all&#8221;][et_pb_row column_structure=&#8221;1_4,1_2,1_4&#8243; _builder_version=&#8221;4.7.7&#8243; _module_preset=&#8221;default&#8221;][et_pb_column type=&#8221;1_4&#8243; _builder_version=&#8221;4.7.7&#8243; _module_preset=&#8221;default&#8221;][\/et_pb_column][et_pb_column type=&#8221;1_2&#8243; _builder_version=&#8221;4.7.7&#8243; _module_preset=&#8221;default&#8221;][et_pb_image src=&#8221;https:\/\/grauben.com\/wp-content\/uploads\/2021\/01\/Halal-2.jpg&#8221; alt=&#8221;Viandes de rite halal&#8221; title_text=&#8221;Viandes de rite halal&#8221; align=&#8221;center&#8221; _builder_version=&#8221;4.7.7&#8243; _module_preset=&#8221;default&#8221; height=&#8221;200px&#8221;][\/et_pb_image][\/et_pb_column][et_pb_column type=&#8221;1_4&#8243; _builder_version=&#8221;4.7.7&#8243; _module_preset=&#8221;default&#8221;][\/et_pb_column][\/et_pb_row][\/et_pb_section][et_pb_section fb_built=&#8221;1&#8243; _builder_version=&#8221;4.7.7&#8243; background_color=&#8221;#f7f7f7&#8243; background_enable_color=&#8221;off&#8221; custom_margin=&#8221;100px||||false|false&#8221; saved_tabs=&#8221;all&#8221;][et_pb_row _builder_version=&#8221;4.7.7&#8243; _module_preset=&#8221;default&#8221;][et_pb_column type=&#8221;4_4&#8243; _builder_version=&#8221;4.7.7&#8243; _module_preset=&#8221;default&#8221;][et_pb_text _builder_version=&#8221;4.7.7&#8243; _module_preset=&#8221;default&#8221; text_font=&#8221;Yesteryear||||||||&#8221; text_text_color=&#8221;#e02b20&#8243; text_font_size=&#8221;50px&#8221; header_2_font=&#8221;Yesteryear||||||||&#8221; header_2_text_color=&#8221;#e02b20&#8243; header_2_font_size=&#8221;35px&#8221; text_orientation=&#8221;center&#8221;]<\/p>\n<h2>Connaissez nos produits<\/h2>\n<p>[\/et_pb_text][\/et_pb_column][\/et_pb_row][et_pb_row column_structure=&#8221;1_4,1_4,1_4,1_4&#8243; _builder_version=&#8221;4.7.7&#8243; _module_preset=&#8221;default&#8221; global_module=&#8221;51451&#8243;][et_pb_column type=&#8221;1_4&#8243; _builder_version=&#8221;4.7.7&#8243; _module_preset=&#8221;default&#8221;][et_pb_blurb url=&#8221;https:\/\/grauben.com\/fr\/viande-volaille-congelee\/&#8221; module_class=&#8221;category-aves-azul&#8221; _builder_version=&#8221;4.7.7&#8243; _module_preset=&#8221;default&#8221; header_text_align=&#8221;center&#8221; header_text_color=&#8221;#41338a&#8221; background_image=&#8221;https:\/\/grauben.com\/wp-content\/uploads\/2021\/01\/aves-azul-grauben.png&#8221; custom_padding=&#8221;45%||45%||true|false&#8221; animation_style=&#8221;slide&#8221; link_option_url=&#8221;https:\/\/grauben.com\/fr\/viande-volaille-congelee\/&#8221;][\/et_pb_blurb][et_pb_text _builder_version=&#8221;4.7.7&#8243; _module_preset=&#8221;default&#8221; header_2_text_color=&#8221;#41338a&#8221; text_orientation=&#8221;center&#8221; link_option_url=&#8221;https:\/\/grauben.com\/fr\/viande-volaille-congelee\/&#8221;]<\/p>\n<h2>Volaille<\/h2>\n<p>[\/et_pb_text][\/et_pb_column][et_pb_column type=&#8221;1_4&#8243; _builder_version=&#8221;4.7.7&#8243; _module_preset=&#8221;default&#8221;][et_pb_blurb url=&#8221;https:\/\/grauben.com\/fr\/viandes-de-boeuf-surgelees\/&#8221; module_class=&#8221;category-vacuno-azul&#8221; _builder_version=&#8221;4.7.7&#8243; _module_preset=&#8221;default&#8221; header_text_align=&#8221;center&#8221; header_text_color=&#8221;#41338a&#8221; background_image=&#8221;https:\/\/grauben.com\/wp-content\/uploads\/2021\/01\/vacuno-azul-grauben.png&#8221; custom_padding=&#8221;45%||45%||true|false&#8221; animation_style=&#8221;slide&#8221; link_option_url=&#8221;https:\/\/grauben.com\/fr\/viandes-de-boeuf-surgelees\/&#8221;][\/et_pb_blurb][et_pb_text _builder_version=&#8221;4.7.7&#8243; _module_preset=&#8221;default&#8221; header_2_text_color=&#8221;#41338a&#8221; text_orientation=&#8221;center&#8221; link_option_url=&#8221;https:\/\/grauben.com\/fr\/viandes-de-boeuf-surgelees\/&#8221;]<\/p>\n<h2>B\u0153uf<\/h2>\n<p>[\/et_pb_text][\/et_pb_column][et_pb_column type=&#8221;1_4&#8243; _builder_version=&#8221;4.7.7&#8243; _module_preset=&#8221;default&#8221;][et_pb_blurb url=&#8221;https:\/\/grauben.com\/fr\/porc-surgele\/&#8221; module_class=&#8221;category-porcino-azul&#8221; _builder_version=&#8221;4.7.7&#8243; _module_preset=&#8221;default&#8221; header_text_align=&#8221;center&#8221; header_text_color=&#8221;#41338a&#8221; background_image=&#8221;https:\/\/grauben.com\/wp-content\/uploads\/2021\/01\/porcino-azul-grauben.png&#8221; custom_padding=&#8221;45%||45%||true|false&#8221; animation_style=&#8221;slide&#8221; link_option_url=&#8221;https:\/\/grauben.com\/fr\/porc-surgele\/&#8221;][\/et_pb_blurb][et_pb_text _builder_version=&#8221;4.7.7&#8243; _module_preset=&#8221;default&#8221; header_2_text_color=&#8221;#41338a&#8221; text_orientation=&#8221;center&#8221; link_option_url=&#8221;https:\/\/grauben.com\/fr\/porc-surgele\/&#8221;]<\/p>\n<h2>Porc<\/h2>\n<p>[\/et_pb_text][\/et_pb_column][et_pb_column type=&#8221;1_4&#8243; _builder_version=&#8221;4.7.7&#8243; _module_preset=&#8221;default&#8221;][et_pb_blurb url=&#8221;https:\/\/grauben.com\/fr\/agneau-congele\/&#8221; module_class=&#8221;category-ovino-azul&#8221; _builder_version=&#8221;4.7.7&#8243; _module_preset=&#8221;default&#8221; header_text_align=&#8221;center&#8221; header_text_color=&#8221;#41338a&#8221; background_image=&#8221;https:\/\/grauben.com\/wp-content\/uploads\/2021\/01\/ovino-azul.png&#8221; custom_padding=&#8221;45%||45%||true|false&#8221; animation_style=&#8221;slide&#8221; link_option_url=&#8221;https:\/\/grauben.com\/fr\/agneau-congele\/&#8221;][\/et_pb_blurb][et_pb_text _builder_version=&#8221;4.7.7&#8243; _module_preset=&#8221;default&#8221; header_2_text_color=&#8221;#41338a&#8221; text_orientation=&#8221;center&#8221; link_option_url=&#8221;https:\/\/grauben.com\/fr\/agneau-congele\/&#8221;]<\/p>\n<h2>Mouton<\/h2>\n<p>[\/et_pb_text][\/et_pb_column][\/et_pb_row][et_pb_row column_structure=&#8221;1_5,3_5,1_5&#8243; _builder_version=&#8221;4.7.7&#8243; _module_preset=&#8221;default&#8221;][et_pb_column type=&#8221;1_5&#8243; _builder_version=&#8221;4.7.7&#8243; _module_preset=&#8221;default&#8221;][\/et_pb_column][et_pb_column type=&#8221;3_5&#8243; _builder_version=&#8221;4.7.7&#8243; _module_preset=&#8221;default&#8221;][et_pb_text _builder_version=&#8221;4.7.7&#8243; _module_preset=&#8221;default&#8221; text_orientation=&#8221;center&#8221;]<\/p>\n<p>Si vous ne trouvez pas ce que vous cherchez, contactez-nous et nous vous informerons plus en d\u00e9tail sur nos produits et services.<\/p>\n<p>[\/et_pb_text][et_pb_button button_url=&#8221;https:\/\/grauben.com\/fr\/contact\/&#8221; button_text=&#8221;Contacter&#8221; button_alignment=&#8221;center&#8221; _builder_version=&#8221;4.7.7&#8243; _module_preset=&#8221;default&#8221; custom_button=&#8221;on&#8221; button_text_color=&#8221;#ffffff&#8221; button_bg_color=&#8221;#3a3379&#8243; button_border_color=&#8221;#3a3379&#8243;][\/et_pb_button][\/et_pb_column][et_pb_column type=&#8221;1_5&#8243; _builder_version=&#8221;4.7.7&#8243; _module_preset=&#8221;default&#8221;][\/et_pb_column][\/et_pb_row][et_pb_row _builder_version=&#8221;4.7.7&#8243; _module_preset=&#8221;default&#8221;][et_pb_column type=&#8221;4_4&#8243; _builder_version=&#8221;4.7.7&#8243; _module_preset=&#8221;default&#8221;][et_pb_blurb title=&#8221;D\u00e9couvrez notre gamme Retail&#8221; url=&#8221;https:\/\/grauben.com\/fr\/prestations-de-service\/#retail&#8221; _builder_version=&#8221;4.7.7&#8243; _module_preset=&#8221;default&#8221; header_text_align=&#8221;center&#8221; header_text_color=&#8221;#3a3379&#8243; header_font_size=&#8221;47px&#8221; background_image=&#8221;https:\/\/grauben.com\/wp-content\/uploads\/2021\/02\/carne-retail-supermercados.png&#8221; custom_padding=&#8221;15%||15%||true|false&#8221; link_option_url=&#8221;https:\/\/grauben.com\/fr\/prestations-de-service\/#retail&#8221; header_text_shadow_style=&#8221;preset2&#8243;][\/et_pb_blurb][\/et_pb_column][\/et_pb_row][\/et_pb_section]<\/p>\n","protected":false},"excerpt":{"rendered":"<p>[et_pb_section fb_built=&#8221;1&#8243; _builder_version=&#8221;4.7.7&#8243; background_image=&#8221;https:\/\/grauben.com\/wp-content\/uploads\/2021\/02\/congelado-cordero.jpg&#8221; custom_padding=&#8221;13%||13%||true|false&#8221;][\/et_pb_section][et_pb_section fb_built=&#8221;1&#8243; _builder_version=&#8221;4.0.7&#8243;][et_pb_row _builder_version=&#8221;4.0.7&#8243;][et_pb_column type=&#8221;4_4&#8243; _builder_version=&#8221;4.0.7&#8243;][et_pb_text _builder_version=&#8221;4.7.7&#8243; header_font=&#8221;|600||on|||||&#8221; header_text_align=&#8221;center&#8221;] Agneau congel\u00e9 [\/et_pb_text][\/et_pb_column][\/et_pb_row][et_pb_row column_structure=&#8221;1_3,1_3,1_3&#8243; _builder_version=&#8221;4.0.7&#8243;][et_pb_column type=&#8221;1_3&#8243; _builder_version=&#8221;4.0.7&#8243;][et_pb_image src=&#8221;https:\/\/grauben.com\/wp-content\/uploads\/2021\/02\/cordero-chuletas-de-costilla.jpg&#8221; alt=&#8221;C\u00f4telettes de c\u00f4tes | Grauben&#8221; title_text=&#8221;C\u00f4telettes de c\u00f4tes | Grauben&#8221; show_in_lightbox=&#8221;on&#8221; _builder_version=&#8221;4.7.7&#8243;][\/et_pb_image][et_pb_text _builder_version=&#8221;4.7.7&#8243; header_3_font=&#8221;|||on|||||&#8221; header_3_text_align=&#8221;center&#8221; custom_margin=&#8221;0px||0px||false|false&#8221; custom_padding=&#8221;0px||||false|false&#8221;] C\u00f4telettes de c\u00f4tes [\/et_pb_text][\/et_pb_column][et_pb_column type=&#8221;1_3&#8243; _builder_version=&#8221;4.0.7&#8243;][et_pb_image src=&#8221;https:\/\/grauben.com\/wp-content\/uploads\/2021\/02\/cordero-chuletas-de-pierna.jpg&#8221; alt=&#8221;C\u00f4telette de jambe | Grauben&#8221; title_text=&#8221;C\u00f4telette de jambe | Grauben&#8221; [&hellip;]<\/p>\n","protected":false},"author":1,"featured_media":0,"parent":0,"menu_order":0,"comment_status":"closed","ping_status":"closed","template":"","meta":{"_et_pb_use_builder":"on","_et_pb_old_content":"","_et_gb_content_width":""},"_links":{"self":[{"href":"https:\/\/grauben.com\/fr\/wp-json\/wp\/v2\/pages\/50957"}],"collection":[{"href":"https:\/\/grauben.com\/fr\/wp-json\/wp\/v2\/pages"}],"about":[{"href":"https:\/\/grauben.com\/fr\/wp-json\/wp\/v2\/types\/page"}],"author":[{"embeddable":true,"href":"https:\/\/grauben.com\/fr\/wp-json\/wp\/v2\/users\/1"}],"replies":[{"embeddable":true,"href":"https:\/\/grauben.com\/fr\/wp-json\/wp\/v2\/comments?post=50957"}],"version-history":[{"count":6,"href":"https:\/\/grauben.com\/fr\/wp-json\/wp\/v2\/pages\/50957\/revisions"}],"predecessor-version":[{"id":51459,"href":"https:\/\/grauben.com\/fr\/wp-json\/wp\/v2\/pages\/50957\/revisions\/51459"}],"wp:attachment":[{"href":"https:\/\/grauben.com\/fr\/wp-json\/wp\/v2\/media?parent=50957"}],"curies":[{"name":"wp","href":"https:\/\/api.w.org\/{rel}","templated":true}]}}